{"id":15,"date":"2021-02-19T12:33:12","date_gmt":"2021-02-19T12:33:12","guid":{"rendered":"http:\/\/ecocarnescordoba.com.co\/?page_id=15"},"modified":"2021-03-26T14:38:20","modified_gmt":"2021-03-26T14:38:20","slug":"conocenos","status":"publish","type":"page","link":"https:\/\/ecocarnescordoba.com.co\/index.php\/conocenos\/","title":{"rendered":"CONOCENOS"},"content":{"rendered":"\t\t<div data-elementor-type=\"wp-page\" data-elementor-id=\"15\" class=\"elementor elementor-15\" data-elementor-settings=\"[]\">\n\t\t\t\t\t\t\t<div class=\"elementor-section-wrap\">\n\t\t\t\t\t\t\t<section class=\"elementor-section elementor-top-section elementor-element elementor-element-25ec4346 elementor-section-height-min-height elementor-section-boxed elementor-section-height-default elementor-section-items-middle\" data-id=\"25ec4346\" data-element_type=\"section\" data-settings=\"{&quot;background_background&quot;:&quot;classic&quot;,&quot;shape_divider_bottom&quot;:&quot;arrow&quot;,&quot;shape_divider_bottom_negative&quot;:&quot;yes&quot;}\">\n\t\t\t\t\t\t\t<div class=\"elementor-background-overlay\"><\/div>\n\t\t\t\t\t\t<div class=\"elementor-shape elementor-shape-bottom\" data-negative=\"true\">\n\t\t\t<svg xmlns=\"http:\/\/www.w3.org\/2000\/svg\" viewBox=\"0 0 700 10\" preserveAspectRatio=\"none\">\n\t<path class=\"elementor-shape-fill\" d=\"M360 0L350 9.9 340 0 0 0 0 10 700 10 700 0\"\/>\n<\/svg>\t\t<\/div>\n\t\t\t\t\t<div class=\"elementor-container elementor-column-gap-default\">\n\t\t\t\t\t<div class=\"elementor-column elementor-col-100 elementor-top-column elementor-element elementor-element-54ac3e5b\" data-id=\"54ac3e5b\" data-element_type=\"column\">\n\t\t\t<div class=\"elementor-widget-wrap\">\n\t\t\t\t\t\t\t\t\t<\/div>\n\t\t<\/div>\n\t\t\t\t\t\t\t<\/div>\n\t\t<\/section>\n\t\t\t\t<section class=\"elementor-section elementor-top-section elementor-element elementor-element-1b4dd91c elementor-section-content-middle elementor-section-boxed elementor-section-height-default elementor-section-height-default\" data-id=\"1b4dd91c\" data-element_type=\"section\" data-settings=\"{&quot;background_background&quot;:&quot;classic&quot;}\">\n\t\t\t\t\t\t<div class=\"elementor-container elementor-column-gap-default\">\n\t\t\t\t\t<div class=\"elementor-column elementor-col-50 elementor-top-column elementor-element elementor-element-1d792bb6\" data-id=\"1d792bb6\" data-element_type=\"column\">\n\t\t\t<div class=\"elementor-widget-wrap elementor-element-populated\">\n\t\t\t\t\t\t\t\t<div class=\"elementor-element elementor-element-5051bb0e elementor-widget elementor-widget-heading\" data-id=\"5051bb0e\" data-element_type=\"widget\" data-widget_type=\"heading.default\">\n\t\t\t\t<div class=\"elementor-widget-container\">\n\t\t\t<h3 class=\"elementor-heading-title elementor-size-default\">CONTACTANOS<\/h3>\t\t<\/div>\n\t\t\t\t<\/div>\n\t\t\t\t\t<\/div>\n\t\t<\/div>\n\t\t\t\t<div class=\"elementor-column elementor-col-50 elementor-top-column elementor-element elementor-element-4d9b9a24\" data-id=\"4d9b9a24\" data-element_type=\"column\">\n\t\t\t<div class=\"elementor-widget-wrap elementor-element-populated\">\n\t\t\t\t\t\t\t\t<div class=\"elementor-element elementor-element-1c286deb elementor-align-right elementor-mobile-align-center elementor-widget elementor-widget-button\" data-id=\"1c286deb\" data-element_type=\"widget\" data-widget_type=\"button.default\">\n\t\t\t\t<div class=\"elementor-widget-container\">\n\t\t\t\t\t<div class=\"elementor-button-wrapper\">\n\t\t\t<a href=\"https:\/\/ecocarnescordoba.com.co\/index.php\/contactanos\/\" class=\"elementor-button-link elementor-button elementor-size-lg\" role=\"button\">\n\t\t\t\t\t\t<span class=\"elementor-button-content-wrapper\">\n\t\t\t\t\t\t<span class=\"elementor-button-icon elementor-align-icon-right\">\n\t\t\t\t<i aria-hidden=\"true\" class=\"fas fa-angle-double-right\"><\/i>\t\t\t<\/span>\n\t\t\t\t\t\t<span class=\"elementor-button-text\">FORMULARIO<\/span>\n\t\t<\/span>\n\t\t\t\t\t<\/a>\n\t\t<\/div>\n\t\t\t\t<\/div>\n\t\t\t\t<\/div>\n\t\t\t\t\t<\/div>\n\t\t<\/div>\n\t\t\t\t\t\t\t<\/div>\n\t\t<\/section>\n\t\t\t\t<section class=\"elementor-section elementor-top-section elementor-element elementor-element-2bda1eb4 elementor-section-content-middle elementor-reverse-mobile elementor-section-boxed elementor-section-height-default elementor-section-height-default\" data-id=\"2bda1eb4\" data-element_type=\"section\">\n\t\t\t\t\t\t<div class=\"elementor-container elementor-column-gap-default\">\n\t\t\t\t\t<div class=\"elementor-column elementor-col-50 elementor-top-column elementor-element elementor-element-9d5eca0\" data-id=\"9d5eca0\" data-element_type=\"column\">\n\t\t\t<div class=\"elementor-widget-wrap elementor-element-populated\">\n\t\t\t\t\t\t\t\t<div class=\"elementor-element elementor-element-5305aa55 elementor-widget elementor-widget-heading\" data-id=\"5305aa55\" data-element_type=\"widget\" data-widget_type=\"heading.default\">\n\t\t\t\t<div class=\"elementor-widget-container\">\n\t\t\t<h3 class=\"elementor-heading-title elementor-size-default\">SERVICIO AL CLIENTE<\/h3>\t\t<\/div>\n\t\t\t\t<\/div>\n\t\t\t\t<div class=\"elementor-element elementor-element-40b7e826 elementor-widget elementor-widget-text-editor\" data-id=\"40b7e826\" data-element_type=\"widget\" data-widget_type=\"text-editor.default\">\n\t\t\t\t<div class=\"elementor-widget-container\">\n\t\t\t\t\t\t\t<p>Contamos con personal capacitado para informarte acerca de los cortes de carnes que deseas adquirir.\u00a0<\/p>\t\t\t\t\t\t<\/div>\n\t\t\t\t<\/div>\n\t\t\t\t<div class=\"elementor-element elementor-element-abb31d8 elementor-align-left elementor-mobile-align-center elementor-widget elementor-widget-button\" data-id=\"abb31d8\" data-element_type=\"widget\" data-widget_type=\"button.default\">\n\t\t\t\t<div class=\"elementor-widget-container\">\n\t\t\t\t\t<div class=\"elementor-button-wrapper\">\n\t\t\t<a href=\"https:\/\/ecocarnescordoba.com.co\/index.php\/carniceria\/\" class=\"elementor-button-link elementor-button elementor-size-md\" role=\"button\">\n\t\t\t\t\t\t<span class=\"elementor-button-content-wrapper\">\n\t\t\t\t\t\t<span class=\"elementor-button-icon elementor-align-icon-right\">\n\t\t\t\t<i aria-hidden=\"true\" class=\"fas fa-angle-double-right\"><\/i>\t\t\t<\/span>\n\t\t\t\t\t\t<span class=\"elementor-button-text\">CARNICERIA<\/span>\n\t\t<\/span>\n\t\t\t\t\t<\/a>\n\t\t<\/div>\n\t\t\t\t<\/div>\n\t\t\t\t<\/div>\n\t\t\t\t\t<\/div>\n\t\t<\/div>\n\t\t\t\t<div class=\"elementor-column elementor-col-50 elementor-top-column elementor-element elementor-element-37d38245\" data-id=\"37d38245\" data-element_type=\"column\">\n\t\t\t<div class=\"elementor-widget-wrap elementor-element-populated\">\n\t\t\t\t\t\t\t\t<div class=\"elementor-element elementor-element-5fea5022 elementor-widget elementor-widget-image\" data-id=\"5fea5022\" data-element_type=\"widget\" loading=\"lazy\" data-widget_type=\"image.default\">\n\t\t\t\t<div class=\"elementor-widget-container\">\n\t\t\t\t\t\t\t\t\t\t\t\t\t\t\t<img loading=\"lazy\" decoding=\"async\" width=\"2560\" height=\"1707\" src=\"https:\/\/ecocarnescordoba.com.co\/wp-content\/uploads\/2021\/03\/IMG_8901-scaled.jpg\" class=\"attachment-full size-full\" alt=\"\" srcset=\"https:\/\/ecocarnescordoba.com.co\/wp-content\/uploads\/2021\/03\/IMG_8901-scaled.jpg 2560w, https:\/\/ecocarnescordoba.com.co\/wp-content\/uploads\/2021\/03\/IMG_8901-300x200.jpg 300w, https:\/\/ecocarnescordoba.com.co\/wp-content\/uploads\/2021\/03\/IMG_8901-1024x683.jpg 1024w, https:\/\/ecocarnescordoba.com.co\/wp-content\/uploads\/2021\/03\/IMG_8901-768x512.jpg 768w, https:\/\/ecocarnescordoba.com.co\/wp-content\/uploads\/2021\/03\/IMG_8901-1536x1024.jpg 1536w, https:\/\/ecocarnescordoba.com.co\/wp-content\/uploads\/2021\/03\/IMG_8901-2048x1365.jpg 2048w, https:\/\/ecocarnescordoba.com.co\/wp-content\/uploads\/2021\/03\/IMG_8901-360x240.jpg 360w, https:\/\/ecocarnescordoba.com.co\/wp-content\/uploads\/2021\/03\/IMG_8901-600x400.jpg 600w\" sizes=\"auto, (max-width: 2560px) 100vw, 2560px\" \/>\t\t\t\t\t\t\t\t\t\t\t\t\t\t\t<\/div>\n\t\t\t\t<\/div>\n\t\t\t\t\t<\/div>\n\t\t<\/div>\n\t\t\t\t\t\t\t<\/div>\n\t\t<\/section>\n\t\t\t\t<section class=\"elementor-section elementor-top-section elementor-element elementor-element-6c0e28f0 elementor-section-content-middle elementor-section-boxed elementor-section-height-default elementor-section-height-default\" data-id=\"6c0e28f0\" data-element_type=\"section\">\n\t\t\t\t\t\t<div class=\"elementor-container elementor-column-gap-default\">\n\t\t\t\t\t<div class=\"elementor-column elementor-col-50 elementor-top-column elementor-element elementor-element-33fe0b9\" data-id=\"33fe0b9\" data-element_type=\"column\">\n\t\t\t<div class=\"elementor-widget-wrap elementor-element-populated\">\n\t\t\t\t\t\t\t\t<div class=\"elementor-element elementor-element-7f407020 elementor-widget elementor-widget-image\" data-id=\"7f407020\" data-element_type=\"widget\" loading=\"lazy\" data-widget_type=\"image.default\">\n\t\t\t\t<div class=\"elementor-widget-container\">\n\t\t\t\t\t\t\t\t\t\t\t\t\t\t\t<img loading=\"lazy\" decoding=\"async\" width=\"1707\" height=\"2560\" src=\"https:\/\/ecocarnescordoba.com.co\/wp-content\/uploads\/2021\/03\/IMG_8878-scaled.jpg\" class=\"attachment-full size-full\" alt=\"\" srcset=\"https:\/\/ecocarnescordoba.com.co\/wp-content\/uploads\/2021\/03\/IMG_8878-scaled.jpg 1707w, https:\/\/ecocarnescordoba.com.co\/wp-content\/uploads\/2021\/03\/IMG_8878-scaled-600x900.jpg 600w, https:\/\/ecocarnescordoba.com.co\/wp-content\/uploads\/2021\/03\/IMG_8878-200x300.jpg 200w, https:\/\/ecocarnescordoba.com.co\/wp-content\/uploads\/2021\/03\/IMG_8878-683x1024.jpg 683w, https:\/\/ecocarnescordoba.com.co\/wp-content\/uploads\/2021\/03\/IMG_8878-768x1152.jpg 768w, https:\/\/ecocarnescordoba.com.co\/wp-content\/uploads\/2021\/03\/IMG_8878-1024x1536.jpg 1024w, https:\/\/ecocarnescordoba.com.co\/wp-content\/uploads\/2021\/03\/IMG_8878-1365x2048.jpg 1365w\" sizes=\"auto, (max-width: 1707px) 100vw, 1707px\" \/>\t\t\t\t\t\t\t\t\t\t\t\t\t\t\t<\/div>\n\t\t\t\t<\/div>\n\t\t\t\t\t<\/div>\n\t\t<\/div>\n\t\t\t\t<div class=\"elementor-column elementor-col-50 elementor-top-column elementor-element elementor-element-6184e634\" data-id=\"6184e634\" data-element_type=\"column\">\n\t\t\t<div class=\"elementor-widget-wrap elementor-element-populated\">\n\t\t\t\t\t\t\t\t<div class=\"elementor-element elementor-element-59cd1149 elementor-widget elementor-widget-heading\" data-id=\"59cd1149\" data-element_type=\"widget\" data-widget_type=\"heading.default\">\n\t\t\t\t<div class=\"elementor-widget-container\">\n\t\t\t<h3 class=\"elementor-heading-title elementor-size-default\">LOS MEJORES CHORIZOS<\/h3>\t\t<\/div>\n\t\t\t\t<\/div>\n\t\t\t\t<div class=\"elementor-element elementor-element-349e7740 elementor-widget elementor-widget-text-editor\" data-id=\"349e7740\" data-element_type=\"widget\" data-widget_type=\"text-editor.default\">\n\t\t\t\t<div class=\"elementor-widget-container\">\n\t\t\t\t\t\t\t<p>Combinaci\u00f3n perfecta de ingredientes 100% naturales y la frescura de nuestra carne dan como resultado un producto de excelente calidad.\u00a0<\/p>\t\t\t\t\t\t<\/div>\n\t\t\t\t<\/div>\n\t\t\t\t<div class=\"elementor-element elementor-element-7e34dd21 elementor-align-left elementor-mobile-align-center elementor-widget elementor-widget-button\" data-id=\"7e34dd21\" data-element_type=\"widget\" data-widget_type=\"button.default\">\n\t\t\t\t<div class=\"elementor-widget-container\">\n\t\t\t\t\t<div class=\"elementor-button-wrapper\">\n\t\t\t<a href=\"https:\/\/ecocarnescordoba.com.co\/index.php\/product\/chorizo-de-cerdo\/\" class=\"elementor-button-link elementor-button elementor-size-md\" role=\"button\">\n\t\t\t\t\t\t<span class=\"elementor-button-content-wrapper\">\n\t\t\t\t\t\t<span class=\"elementor-button-icon elementor-align-icon-right\">\n\t\t\t\t<i aria-hidden=\"true\" class=\"fas fa-angle-double-right\"><\/i>\t\t\t<\/span>\n\t\t\t\t\t\t<span class=\"elementor-button-text\">CARNICERIA<\/span>\n\t\t<\/span>\n\t\t\t\t\t<\/a>\n\t\t<\/div>\n\t\t\t\t<\/div>\n\t\t\t\t<\/div>\n\t\t\t\t\t<\/div>\n\t\t<\/div>\n\t\t\t\t\t\t\t<\/div>\n\t\t<\/section>\n\t\t\t\t\t\t<\/div>\n\t\t\t\t\t<\/div>\n\t\t","protected":false},"excerpt":{"rendered":"<p>CONTACTANOS FORMULARIO SERVICIO AL CLIENTE Contamos con personal capacitado para informarte acerca de los cortes de carnes que deseas adquirir.\u00a0 CARNICERIA LOS MEJORES CHORIZOS Combinaci\u00f3n perfecta de ingredientes 100% naturales y la frescura de nuestra carne dan como resultado un producto de excelente calidad.\u00a0 CARNICERIA<\/p>\n","protected":false},"author":1,"featured_media":0,"parent":0,"menu_order":0,"comment_status":"closed","ping_status":"closed","template":"elementor_header_footer","meta":{"spay_email":"","footnotes":""},"class_list":["post-15","page","type-page","status-publish","hentry"],"yoast_head":"<!-- This site is optimized with the Yoast SEO plugin v18.3 - https:\/\/yoast.com\/wordpress\/plugins\/seo\/ -->\n<title>CONOCENOS - ecocarnescordoba.com.co<\/title>\n<meta name=\"robots\" content=\"index, follow, max-snippet:-1, max-image-preview:large, max-video-preview:-1\" \/>\n<link rel=\"canonical\" href=\"https:\/\/ecocarnescordoba.com.co\/index.php\/conocenos\/\" \/>\n<meta property=\"og:locale\" content=\"es_ES\" \/>\n<meta property=\"og:type\" content=\"article\" \/>\n<meta property=\"og:title\" content=\"CONOCENOS - ecocarnescordoba.com.co\" \/>\n<meta property=\"og:description\" content=\"CONTACTANOS FORMULARIO SERVICIO AL CLIENTE Contamos con personal capacitado para informarte acerca de los cortes de carnes que deseas adquirir.\u00a0 CARNICERIA LOS MEJORES CHORIZOS Combinaci\u00f3n perfecta de ingredientes 100% naturales y la frescura de nuestra carne dan como resultado un producto de excelente calidad.\u00a0 CARNICERIA\" \/>\n<meta property=\"og:url\" content=\"https:\/\/ecocarnescordoba.com.co\/index.php\/conocenos\/\" \/>\n<meta property=\"og:site_name\" content=\"ecocarnescordoba.com.co\" \/>\n<meta property=\"article:modified_time\" content=\"2021-03-26T14:38:20+00:00\" \/>\n<meta property=\"og:image\" content=\"http:\/\/ecocarnescordoba.com.co\/wp-content\/uploads\/2021\/03\/IMG_8901-scaled.jpg\" \/>\n<meta name=\"twitter:card\" content=\"summary_large_image\" \/>\n<script type=\"application\/ld+json\" class=\"yoast-schema-graph\">{\"@context\":\"https:\/\/schema.org\",\"@graph\":[{\"@type\":\"WebSite\",\"@id\":\"https:\/\/ecocarnescordoba.com.co\/#website\",\"url\":\"https:\/\/ecocarnescordoba.com.co\/\",\"name\":\"ecocarnescordoba.com.co\",\"description\":\"carnicer\u00eda en monter\u00eda c\u00f3rdoba\",\"potentialAction\":[{\"@type\":\"SearchAction\",\"target\":{\"@type\":\"EntryPoint\",\"urlTemplate\":\"https:\/\/ecocarnescordoba.com.co\/?s={search_term_string}\"},\"query-input\":\"required name=search_term_string\"}],\"inLanguage\":\"es\"},{\"@type\":\"ImageObject\",\"@id\":\"https:\/\/ecocarnescordoba.com.co\/index.php\/conocenos\/#primaryimage\",\"inLanguage\":\"es\",\"url\":\"https:\/\/ecocarnescordoba.com.co\/wp-content\/uploads\/2021\/03\/IMG_8901-scaled.jpg\",\"contentUrl\":\"https:\/\/ecocarnescordoba.com.co\/wp-content\/uploads\/2021\/03\/IMG_8901-scaled.jpg\",\"width\":2560,\"height\":1707},{\"@type\":\"WebPage\",\"@id\":\"https:\/\/ecocarnescordoba.com.co\/index.php\/conocenos\/#webpage\",\"url\":\"https:\/\/ecocarnescordoba.com.co\/index.php\/conocenos\/\",\"name\":\"CONOCENOS - ecocarnescordoba.com.co\",\"isPartOf\":{\"@id\":\"https:\/\/ecocarnescordoba.com.co\/#website\"},\"primaryImageOfPage\":{\"@id\":\"https:\/\/ecocarnescordoba.com.co\/index.php\/conocenos\/#primaryimage\"},\"datePublished\":\"2021-02-19T12:33:12+00:00\",\"dateModified\":\"2021-03-26T14:38:20+00:00\",\"breadcrumb\":{\"@id\":\"https:\/\/ecocarnescordoba.com.co\/index.php\/conocenos\/#breadcrumb\"},\"inLanguage\":\"es\",\"potentialAction\":[{\"@type\":\"ReadAction\",\"target\":[\"https:\/\/ecocarnescordoba.com.co\/index.php\/conocenos\/\"]}]},{\"@type\":\"BreadcrumbList\",\"@id\":\"https:\/\/ecocarnescordoba.com.co\/index.php\/conocenos\/#breadcrumb\",\"itemListElement\":[{\"@type\":\"ListItem\",\"position\":1,\"name\":\"Portada\",\"item\":\"https:\/\/ecocarnescordoba.com.co\/\"},{\"@type\":\"ListItem\",\"position\":2,\"name\":\"CONOCENOS\"}]}]}<\/script>\n<!-- \/ Yoast SEO plugin. -->","yoast_head_json":{"title":"CONOCENOS - ecocarnescordoba.com.co","robots":{"index":"index","follow":"follow","max-snippet":"max-snippet:-1","max-image-preview":"max-image-preview:large","max-video-preview":"max-video-preview:-1"},"canonical":"https:\/\/ecocarnescordoba.com.co\/index.php\/conocenos\/","og_locale":"es_ES","og_type":"article","og_title":"CONOCENOS - ecocarnescordoba.com.co","og_description":"CONTACTANOS FORMULARIO SERVICIO AL CLIENTE Contamos con personal capacitado para informarte acerca de los cortes de carnes que deseas adquirir.\u00a0 CARNICERIA LOS MEJORES CHORIZOS Combinaci\u00f3n perfecta de ingredientes 100% naturales y la frescura de nuestra carne dan como resultado un producto de excelente calidad.\u00a0 CARNICERIA","og_url":"https:\/\/ecocarnescordoba.com.co\/index.php\/conocenos\/","og_site_name":"ecocarnescordoba.com.co","article_modified_time":"2021-03-26T14:38:20+00:00","og_image":[{"url":"http:\/\/ecocarnescordoba.com.co\/wp-content\/uploads\/2021\/03\/IMG_8901-scaled.jpg"}],"twitter_card":"summary_large_image","schema":{"@context":"https:\/\/schema.org","@graph":[{"@type":"WebSite","@id":"https:\/\/ecocarnescordoba.com.co\/#website","url":"https:\/\/ecocarnescordoba.com.co\/","name":"ecocarnescordoba.com.co","description":"carnicer\u00eda en monter\u00eda c\u00f3rdoba","potentialAction":[{"@type":"SearchAction","target":{"@type":"EntryPoint","urlTemplate":"https:\/\/ecocarnescordoba.com.co\/?s={search_term_string}"},"query-input":"required name=search_term_string"}],"inLanguage":"es"},{"@type":"ImageObject","@id":"https:\/\/ecocarnescordoba.com.co\/index.php\/conocenos\/#primaryimage","inLanguage":"es","url":"https:\/\/ecocarnescordoba.com.co\/wp-content\/uploads\/2021\/03\/IMG_8901-scaled.jpg","contentUrl":"https:\/\/ecocarnescordoba.com.co\/wp-content\/uploads\/2021\/03\/IMG_8901-scaled.jpg","width":2560,"height":1707},{"@type":"WebPage","@id":"https:\/\/ecocarnescordoba.com.co\/index.php\/conocenos\/#webpage","url":"https:\/\/ecocarnescordoba.com.co\/index.php\/conocenos\/","name":"CONOCENOS - ecocarnescordoba.com.co","isPartOf":{"@id":"https:\/\/ecocarnescordoba.com.co\/#website"},"primaryImageOfPage":{"@id":"https:\/\/ecocarnescordoba.com.co\/index.php\/conocenos\/#primaryimage"},"datePublished":"2021-02-19T12:33:12+00:00","dateModified":"2021-03-26T14:38:20+00:00","breadcrumb":{"@id":"https:\/\/ecocarnescordoba.com.co\/index.php\/conocenos\/#breadcrumb"},"inLanguage":"es","potentialAction":[{"@type":"ReadAction","target":["https:\/\/ecocarnescordoba.com.co\/index.php\/conocenos\/"]}]},{"@type":"BreadcrumbList","@id":"https:\/\/ecocarnescordoba.com.co\/index.php\/conocenos\/#breadcrumb","itemListElement":[{"@type":"ListItem","position":1,"name":"Portada","item":"https:\/\/ecocarnescordoba.com.co\/"},{"@type":"ListItem","position":2,"name":"CONOCENOS"}]}]}},"_links":{"self":[{"href":"https:\/\/ecocarnescordoba.com.co\/index.php\/wp-json\/wp\/v2\/pages\/15","targetHints":{"allow":["GET"]}}],"collection":[{"href":"https:\/\/ecocarnescordoba.com.co\/index.php\/wp-json\/wp\/v2\/pages"}],"about":[{"href":"https:\/\/ecocarnescordoba.com.co\/index.php\/wp-json\/wp\/v2\/types\/page"}],"author":[{"embeddable":true,"href":"https:\/\/ecocarnescordoba.com.co\/index.php\/wp-json\/wp\/v2\/users\/1"}],"replies":[{"embeddable":true,"href":"https:\/\/ecocarnescordoba.com.co\/index.php\/wp-json\/wp\/v2\/comments?post=15"}],"version-history":[{"count":25,"href":"https:\/\/ecocarnescordoba.com.co\/index.php\/wp-json\/wp\/v2\/pages\/15\/revisions"}],"predecessor-version":[{"id":1166,"href":"https:\/\/ecocarnescordoba.com.co\/index.php\/wp-json\/wp\/v2\/pages\/15\/revisions\/1166"}],"wp:attachment":[{"href":"https:\/\/ecocarnescordoba.com.co\/index.php\/wp-json\/wp\/v2\/media?parent=15"}],"curies":[{"name":"wp","href":"https:\/\/api.w.org\/{rel}","templated":true}]}}