{"id":606,"date":"2021-03-10T13:46:02","date_gmt":"2021-03-10T13:46:02","guid":{"rendered":"https:\/\/ecocarnescordoba.com.co.co\/?page_id=606"},"modified":"2021-03-18T16:37:00","modified_gmt":"2021-03-18T16:37:00","slug":"carnero","status":"publish","type":"page","link":"https:\/\/ecocarnescordoba.com.co\/index.php\/carnero\/","title":{"rendered":"CARNERO"},"content":{"rendered":"\t\t<div data-elementor-type=\"wp-page\" data-elementor-id=\"606\" class=\"elementor elementor-606\" data-elementor-settings=\"[]\">\n\t\t\t\t\t\t\t<div class=\"elementor-section-wrap\">\n\t\t\t\t\t\t\t<section class=\"elementor-section elementor-top-section elementor-element elementor-element-60dd8eb5 elementor-section-content-middle elementor-section-boxed elementor-section-height-default elementor-section-height-default\" data-id=\"60dd8eb5\" data-element_type=\"section\" data-settings=\"{&quot;background_background&quot;:&quot;classic&quot;}\">\n\t\t\t\t\t\t\t<div class=\"elementor-background-overlay\"><\/div>\n\t\t\t\t\t\t\t<div class=\"elementor-container elementor-column-gap-no\">\n\t\t\t\t\t<div class=\"elementor-column elementor-col-100 elementor-top-column elementor-element elementor-element-43d1c112\" data-id=\"43d1c112\" data-element_type=\"column\">\n\t\t\t<div class=\"elementor-widget-wrap elementor-element-populated\">\n\t\t\t\t\t\t\t\t<div class=\"elementor-element elementor-element-2fe6783 elementor-widget elementor-widget-heading\" data-id=\"2fe6783\" data-element_type=\"widget\" data-widget_type=\"heading.default\">\n\t\t\t\t<div class=\"elementor-widget-container\">\n\t\t\t<h4 class=\"elementor-heading-title elementor-size-default\">CARNERO<\/h4>\t\t<\/div>\n\t\t\t\t<\/div>\n\t\t\t\t\t<\/div>\n\t\t<\/div>\n\t\t\t\t\t\t\t<\/div>\n\t\t<\/section>\n\t\t\t\t<section class=\"elementor-section elementor-top-section elementor-element elementor-element-186448d elementor-section-boxed elementor-section-height-default elementor-section-height-default\" data-id=\"186448d\" data-element_type=\"section\">\n\t\t\t\t\t\t<div class=\"elementor-container elementor-column-gap-default\">\n\t\t\t\t\t<div class=\"elementor-column elementor-col-100 elementor-top-column elementor-element elementor-element-d4d1a8e\" data-id=\"d4d1a8e\" data-element_type=\"column\">\n\t\t\t<div class=\"elementor-widget-wrap elementor-element-populated\">\n\t\t\t\t\t\t\t\t<div class=\"elementor-element elementor-element-1219d5b elementor-widget elementor-widget-spacer\" data-id=\"1219d5b\" data-element_type=\"widget\" data-widget_type=\"spacer.default\">\n\t\t\t\t<div class=\"elementor-widget-container\">\n\t\t\t\t\t<div class=\"elementor-spacer\">\n\t\t\t<div class=\"elementor-spacer-inner\"><\/div>\n\t\t<\/div>\n\t\t\t\t<\/div>\n\t\t\t\t<\/div>\n\t\t\t\t\t<\/div>\n\t\t<\/div>\n\t\t\t\t\t\t\t<\/div>\n\t\t<\/section>\n\t\t\t\t<section class=\"elementor-section elementor-top-section elementor-element elementor-element-2e6a3a6 elementor-section-boxed elementor-section-height-default elementor-section-height-default\" data-id=\"2e6a3a6\" data-element_type=\"section\">\n\t\t\t\t\t\t<div class=\"elementor-container elementor-column-gap-default\">\n\t\t\t\t\t<div class=\"elementor-column elementor-col-33 elementor-top-column elementor-element elementor-element-cb38dcc\" data-id=\"cb38dcc\" data-element_type=\"column\">\n\t\t\t<div class=\"elementor-widget-wrap elementor-element-populated\">\n\t\t\t\t\t\t\t\t<div class=\"elementor-element elementor-element-1f022ac elementor-widget elementor-widget-sidebar\" data-id=\"1f022ac\" data-element_type=\"widget\" data-widget_type=\"sidebar.default\">\n\t\t\t\t<div class=\"elementor-widget-container\">\n\t\t\t\n\t\t<div id=\"recent-posts-4\" class=\"widget widget_recent_entries\">\n\t\t<h5>Recetas Recientes<\/h5>\n\t\t<ul>\n\t\t\t\t\t\t\t\t\t\t\t<li>\n\t\t\t\t\t<a href=\"https:\/\/ecocarnescordoba.com.co\/index.php\/2021\/03\/04\/hamburguesas\/\">Onion Burger<\/a>\n\t\t\t\t\t\t\t\t\t<\/li>\n\t\t\t\t\t<\/ul>\n\n\t\t<\/div><div id=\"woocommerce_widget_cart-5\" class=\"widget woocommerce widget_shopping_cart\"><h5>Carrito De Compras<\/h5><div class=\"widget_shopping_cart_content\"><\/div><\/div>\t\t<\/div>\n\t\t\t\t<\/div>\n\t\t\t\t\t<\/div>\n\t\t<\/div>\n\t\t\t\t<div class=\"elementor-column elementor-col-66 elementor-top-column elementor-element elementor-element-b785b2a\" data-id=\"b785b2a\" data-element_type=\"column\">\n\t\t\t<div class=\"elementor-widget-wrap elementor-element-populated\">\n\t\t\t\t\t\t\t\t<div class=\"elementor-element elementor-element-e98fdc8 elementor-products-columns-4 elementor-products-grid elementor-wc-products elementor-widget elementor-widget-woocommerce-products\" data-id=\"e98fdc8\" data-element_type=\"widget\" data-widget_type=\"woocommerce-products.default\">\n\t\t\t\t<div class=\"elementor-widget-container\">\n\t\t\t<div class=\"woocommerce columns-4 \"><ul class=\"products columns-4\">\n<li class=\"product type-product post-810 status-publish first instock product_cat-carnero has-post-thumbnail shipping-taxable purchasable product-type-variable\">\n\t\t\t    <a id=\"sendbtn\" href=\"https:\/\/web.whatsapp.com\/send?phone=573004289071&text=Hola%21+estoy+interesado+en+el+siguiente+producto.%0D%0A%0D%0A*PIERNA+DE+CARNERO*%0A*PRECIO:*%2028,000&#36;%0D%0A%0D%0A\" title=\"Complete order on WhatsApp to buy PIERNA DE CARNERO\" target=\"_blank\" class=\"button add_to_cart_button wa-shop-button product_type_variable\">\n\t\t    \tPEDIR POR WHATSAPP\t\t    <\/a>\n\t    <\/li>\n<li class=\"product type-product post-807 status-publish instock product_cat-carnero has-post-thumbnail shipping-taxable purchasable product-type-variable\">\n\t\t\t    <a id=\"sendbtn\" href=\"https:\/\/web.whatsapp.com\/send?phone=573004289071&text=Hola%21+estoy+interesado+en+el+siguiente+producto.%0D%0A%0D%0A*CARNERO+REVUELTO*%0A*PRECIO:*%205,750&#36;%0D%0A%0D%0A\" title=\"Complete order on WhatsApp to buy CARNERO REVUELTO\" target=\"_blank\" class=\"button add_to_cart_button wa-shop-button product_type_variable\">\n\t\t    \tPEDIR POR WHATSAPP\t\t    <\/a>\n\t    <\/li>\n<\/ul>\n<\/div>\t\t<\/div>\n\t\t\t\t<\/div>\n\t\t\t\t\t<\/div>\n\t\t<\/div>\n\t\t\t\t\t\t\t<\/div>\n\t\t<\/section>\n\t\t\t\t\t\t<\/div>\n\t\t\t\t\t<\/div>\n\t\t","protected":false},"excerpt":{"rendered":"<p>CARNERO<\/p>\n","protected":false},"author":1,"featured_media":0,"parent":0,"menu_order":0,"comment_status":"closed","ping_status":"closed","template":"elementor_header_footer","meta":{"spay_email":"","footnotes":""},"class_list":["post-606","page","type-page","status-publish","hentry"],"yoast_head":"<!-- This site is optimized with the Yoast SEO plugin v18.3 - https:\/\/yoast.com\/wordpress\/plugins\/seo\/ -->\n<title>CARNERO - ecocarnescordoba.com.co<\/title>\n<meta name=\"robots\" content=\"index, follow, max-snippet:-1, max-image-preview:large, max-video-preview:-1\" \/>\n<link rel=\"canonical\" href=\"https:\/\/ecocarnescordoba.com.co\/index.php\/carnero\/\" \/>\n<meta property=\"og:locale\" content=\"es_ES\" \/>\n<meta property=\"og:type\" content=\"article\" \/>\n<meta property=\"og:title\" content=\"CARNERO - ecocarnescordoba.com.co\" \/>\n<meta property=\"og:description\" content=\"CARNERO\" \/>\n<meta property=\"og:url\" content=\"https:\/\/ecocarnescordoba.com.co\/index.php\/carnero\/\" \/>\n<meta property=\"og:site_name\" content=\"ecocarnescordoba.com.co\" \/>\n<meta property=\"article:modified_time\" content=\"2021-03-18T16:37:00+00:00\" \/>\n<meta name=\"twitter:card\" content=\"summary_large_image\" \/>\n<script type=\"application\/ld+json\" class=\"yoast-schema-graph\">{\"@context\":\"https:\/\/schema.org\",\"@graph\":[{\"@type\":\"WebSite\",\"@id\":\"https:\/\/ecocarnescordoba.com.co\/#website\",\"url\":\"https:\/\/ecocarnescordoba.com.co\/\",\"name\":\"ecocarnescordoba.com.co\",\"description\":\"carnicer\u00eda en monter\u00eda c\u00f3rdoba\",\"potentialAction\":[{\"@type\":\"SearchAction\",\"target\":{\"@type\":\"EntryPoint\",\"urlTemplate\":\"https:\/\/ecocarnescordoba.com.co\/?s={search_term_string}\"},\"query-input\":\"required name=search_term_string\"}],\"inLanguage\":\"es\"},{\"@type\":\"WebPage\",\"@id\":\"https:\/\/ecocarnescordoba.com.co\/index.php\/carnero\/#webpage\",\"url\":\"https:\/\/ecocarnescordoba.com.co\/index.php\/carnero\/\",\"name\":\"CARNERO - ecocarnescordoba.com.co\",\"isPartOf\":{\"@id\":\"https:\/\/ecocarnescordoba.com.co\/#website\"},\"datePublished\":\"2021-03-10T13:46:02+00:00\",\"dateModified\":\"2021-03-18T16:37:00+00:00\",\"breadcrumb\":{\"@id\":\"https:\/\/ecocarnescordoba.com.co\/index.php\/carnero\/#breadcrumb\"},\"inLanguage\":\"es\",\"potentialAction\":[{\"@type\":\"ReadAction\",\"target\":[\"https:\/\/ecocarnescordoba.com.co\/index.php\/carnero\/\"]}]},{\"@type\":\"BreadcrumbList\",\"@id\":\"https:\/\/ecocarnescordoba.com.co\/index.php\/carnero\/#breadcrumb\",\"itemListElement\":[{\"@type\":\"ListItem\",\"position\":1,\"name\":\"Portada\",\"item\":\"https:\/\/ecocarnescordoba.com.co\/\"},{\"@type\":\"ListItem\",\"position\":2,\"name\":\"CARNERO\"}]}]}<\/script>\n<!-- \/ Yoast SEO plugin. -->","yoast_head_json":{"title":"CARNERO - ecocarnescordoba.com.co","robots":{"index":"index","follow":"follow","max-snippet":"max-snippet:-1","max-image-preview":"max-image-preview:large","max-video-preview":"max-video-preview:-1"},"canonical":"https:\/\/ecocarnescordoba.com.co\/index.php\/carnero\/","og_locale":"es_ES","og_type":"article","og_title":"CARNERO - ecocarnescordoba.com.co","og_description":"CARNERO","og_url":"https:\/\/ecocarnescordoba.com.co\/index.php\/carnero\/","og_site_name":"ecocarnescordoba.com.co","article_modified_time":"2021-03-18T16:37:00+00:00","twitter_card":"summary_large_image","schema":{"@context":"https:\/\/schema.org","@graph":[{"@type":"WebSite","@id":"https:\/\/ecocarnescordoba.com.co\/#website","url":"https:\/\/ecocarnescordoba.com.co\/","name":"ecocarnescordoba.com.co","description":"carnicer\u00eda en monter\u00eda c\u00f3rdoba","potentialAction":[{"@type":"SearchAction","target":{"@type":"EntryPoint","urlTemplate":"https:\/\/ecocarnescordoba.com.co\/?s={search_term_string}"},"query-input":"required name=search_term_string"}],"inLanguage":"es"},{"@type":"WebPage","@id":"https:\/\/ecocarnescordoba.com.co\/index.php\/carnero\/#webpage","url":"https:\/\/ecocarnescordoba.com.co\/index.php\/carnero\/","name":"CARNERO - ecocarnescordoba.com.co","isPartOf":{"@id":"https:\/\/ecocarnescordoba.com.co\/#website"},"datePublished":"2021-03-10T13:46:02+00:00","dateModified":"2021-03-18T16:37:00+00:00","breadcrumb":{"@id":"https:\/\/ecocarnescordoba.com.co\/index.php\/carnero\/#breadcrumb"},"inLanguage":"es","potentialAction":[{"@type":"ReadAction","target":["https:\/\/ecocarnescordoba.com.co\/index.php\/carnero\/"]}]},{"@type":"BreadcrumbList","@id":"https:\/\/ecocarnescordoba.com.co\/index.php\/carnero\/#breadcrumb","itemListElement":[{"@type":"ListItem","position":1,"name":"Portada","item":"https:\/\/ecocarnescordoba.com.co\/"},{"@type":"ListItem","position":2,"name":"CARNERO"}]}]}},"_links":{"self":[{"href":"https:\/\/ecocarnescordoba.com.co\/index.php\/wp-json\/wp\/v2\/pages\/606","targetHints":{"allow":["GET"]}}],"collection":[{"href":"https:\/\/ecocarnescordoba.com.co\/index.php\/wp-json\/wp\/v2\/pages"}],"about":[{"href":"https:\/\/ecocarnescordoba.com.co\/index.php\/wp-json\/wp\/v2\/types\/page"}],"author":[{"embeddable":true,"href":"https:\/\/ecocarnescordoba.com.co\/index.php\/wp-json\/wp\/v2\/users\/1"}],"replies":[{"embeddable":true,"href":"https:\/\/ecocarnescordoba.com.co\/index.php\/wp-json\/wp\/v2\/comments?post=606"}],"version-history":[{"count":10,"href":"https:\/\/ecocarnescordoba.com.co\/index.php\/wp-json\/wp\/v2\/pages\/606\/revisions"}],"predecessor-version":[{"id":1048,"href":"https:\/\/ecocarnescordoba.com.co\/index.php\/wp-json\/wp\/v2\/pages\/606\/revisions\/1048"}],"wp:attachment":[{"href":"https:\/\/ecocarnescordoba.com.co\/index.php\/wp-json\/wp\/v2\/media?parent=606"}],"curies":[{"name":"wp","href":"https:\/\/api.w.org\/{rel}","templated":true}]}}