{"id":89,"date":"2021-03-02T14:02:45","date_gmt":"2021-03-02T14:02:45","guid":{"rendered":"http:\/\/ecocarnescordoba.com.co\/?page_id=89"},"modified":"2021-03-25T13:23:46","modified_gmt":"2021-03-25T13:23:46","slug":"res","status":"publish","type":"page","link":"https:\/\/ecocarnescordoba.com.co\/index.php\/res\/","title":{"rendered":"RES"},"content":{"rendered":"\t\t<div data-elementor-type=\"wp-page\" data-elementor-id=\"89\" class=\"elementor elementor-89\" data-elementor-settings=\"[]\">\n\t\t\t\t\t\t\t<div class=\"elementor-section-wrap\">\n\t\t\t\t\t\t\t<section class=\"elementor-section elementor-top-section elementor-element elementor-element-2a714499 elementor-section-content-middle elementor-section-boxed elementor-section-height-default elementor-section-height-default\" data-id=\"2a714499\" data-element_type=\"section\" data-settings=\"{&quot;background_background&quot;:&quot;classic&quot;}\">\n\t\t\t\t\t\t\t<div class=\"elementor-background-overlay\"><\/div>\n\t\t\t\t\t\t\t<div class=\"elementor-container elementor-column-gap-no\">\n\t\t\t\t\t<div class=\"elementor-column elementor-col-100 elementor-top-column elementor-element elementor-element-13acf2cf\" data-id=\"13acf2cf\" data-element_type=\"column\">\n\t\t\t<div class=\"elementor-widget-wrap elementor-element-populated\">\n\t\t\t\t\t\t\t\t<div class=\"elementor-element elementor-element-68b6ef43 elementor-widget elementor-widget-heading\" data-id=\"68b6ef43\" data-element_type=\"widget\" data-widget_type=\"heading.default\">\n\t\t\t\t<div class=\"elementor-widget-container\">\n\t\t\t<h2 class=\"elementor-heading-title elementor-size-default\">RES<\/h2>\t\t<\/div>\n\t\t\t\t<\/div>\n\t\t\t\t\t<\/div>\n\t\t<\/div>\n\t\t\t\t\t\t\t<\/div>\n\t\t<\/section>\n\t\t\t\t<section class=\"elementor-section elementor-top-section elementor-element elementor-element-9c11750 elementor-section-boxed elementor-section-height-default elementor-section-height-default\" data-id=\"9c11750\" data-element_type=\"section\">\n\t\t\t\t\t\t<div class=\"elementor-container elementor-column-gap-default\">\n\t\t\t\t\t<div class=\"elementor-column elementor-col-100 elementor-top-column elementor-element elementor-element-4ef7bdc\" data-id=\"4ef7bdc\" data-element_type=\"column\">\n\t\t\t<div class=\"elementor-widget-wrap elementor-element-populated\">\n\t\t\t\t\t\t\t\t<div class=\"elementor-element elementor-element-e394866 elementor-widget elementor-widget-spacer\" data-id=\"e394866\" data-element_type=\"widget\" data-widget_type=\"spacer.default\">\n\t\t\t\t<div class=\"elementor-widget-container\">\n\t\t\t\t\t<div class=\"elementor-spacer\">\n\t\t\t<div class=\"elementor-spacer-inner\"><\/div>\n\t\t<\/div>\n\t\t\t\t<\/div>\n\t\t\t\t<\/div>\n\t\t\t\t\t<\/div>\n\t\t<\/div>\n\t\t\t\t\t\t\t<\/div>\n\t\t<\/section>\n\t\t\t\t<section class=\"elementor-section elementor-top-section elementor-element elementor-element-4d25964 elementor-section-boxed elementor-section-height-default elementor-section-height-default\" data-id=\"4d25964\" data-element_type=\"section\">\n\t\t\t\t\t\t<div class=\"elementor-container elementor-column-gap-default\">\n\t\t\t\t\t<div class=\"elementor-column elementor-col-33 elementor-top-column elementor-element elementor-element-27c5f5d\" data-id=\"27c5f5d\" data-element_type=\"column\">\n\t\t\t<div class=\"elementor-widget-wrap elementor-element-populated\">\n\t\t\t\t\t\t\t\t<div class=\"elementor-element elementor-element-de6e298 elementor-widget elementor-widget-sidebar\" data-id=\"de6e298\" data-element_type=\"widget\" data-widget_type=\"sidebar.default\">\n\t\t\t\t<div class=\"elementor-widget-container\">\n\t\t\t\n\t\t<div id=\"recent-posts-4\" class=\"widget widget_recent_entries\">\n\t\t<h5>Recetas Recientes<\/h5>\n\t\t<ul>\n\t\t\t\t\t\t\t\t\t\t\t<li>\n\t\t\t\t\t<a href=\"https:\/\/ecocarnescordoba.com.co\/index.php\/2021\/03\/04\/hamburguesas\/\">Onion Burger<\/a>\n\t\t\t\t\t\t\t\t\t<\/li>\n\t\t\t\t\t<\/ul>\n\n\t\t<\/div><div id=\"woocommerce_widget_cart-5\" class=\"widget woocommerce widget_shopping_cart\"><h5>Carrito De Compras<\/h5><div class=\"widget_shopping_cart_content\"><\/div><\/div>\t\t<\/div>\n\t\t\t\t<\/div>\n\t\t\t\t\t<\/div>\n\t\t<\/div>\n\t\t\t\t<div class=\"elementor-column elementor-col-66 elementor-top-column elementor-element elementor-element-3cf81ea\" data-id=\"3cf81ea\" data-element_type=\"column\">\n\t\t\t<div class=\"elementor-widget-wrap elementor-element-populated\">\n\t\t\t\t\t\t\t\t<div class=\"elementor-element elementor-element-807f92c elementor-products-columns-4 elementor-products-grid elementor-wc-products elementor-show-pagination-border-yes elementor-widget elementor-widget-woocommerce-products\" data-id=\"807f92c\" data-element_type=\"widget\" data-widget_type=\"woocommerce-products.default\">\n\t\t\t\t<div class=\"elementor-widget-container\">\n\t\t\t<div class=\"woocommerce columns-4 \"><ul class=\"products columns-4\">\n<li class=\"product type-product post-283 status-publish first instock product_cat-res has-post-thumbnail shipping-taxable purchasable product-type-variable\">\n\t\t\t    <a id=\"sendbtn\" href=\"https:\/\/web.whatsapp.com\/send?phone=573004289071&text=Hola%21+estoy+interesado+en+el+siguiente+producto.%0D%0A%0D%0A*ASADO+DE+TIRA*%0A*PRECIO:*%205,750&#36;%0D%0A%0D%0A\" title=\"Complete order on WhatsApp to buy ASADO DE TIRA\" target=\"_blank\" class=\"button add_to_cart_button wa-shop-button product_type_variable\">\n\t\t    \tPEDIR POR WHATSAPP\t\t    <\/a>\n\t    <\/li>\n<li class=\"product type-product post-125 status-publish instock product_cat-res has-post-thumbnail shipping-taxable purchasable product-type-variable\">\n\t\t\t    <a id=\"sendbtn\" href=\"https:\/\/web.whatsapp.com\/send?phone=573004289071&text=Hola%21+estoy+interesado+en+el+siguiente+producto.%0D%0A%0D%0A*BOLLO+BLANCO*%0A*PRECIO:*%207,000&#36;%0D%0A%0D%0A\" title=\"Complete order on WhatsApp to buy BOLLO BLANCO\" target=\"_blank\" class=\"button add_to_cart_button wa-shop-button product_type_variable\">\n\t\t    \tPEDIR POR WHATSAPP\t\t    <\/a>\n\t    <\/li>\n<li class=\"product type-product post-131 status-publish instock product_cat-res has-post-thumbnail shipping-taxable purchasable product-type-variable\">\n\t\t\t    <a id=\"sendbtn\" href=\"https:\/\/web.whatsapp.com\/send?phone=573004289071&text=Hola%21+estoy+interesado+en+el+siguiente+producto.%0D%0A%0D%0A*CABEZA+DE+LOMO*%0A*PRECIO:*%208,250&#36;%0D%0A%0D%0A\" title=\"Complete order on WhatsApp to buy CABEZA DE LOMO\" target=\"_blank\" class=\"button add_to_cart_button wa-shop-button product_type_variable\">\n\t\t    \tPEDIR POR WHATSAPP\t\t    <\/a>\n\t    <\/li>\n<li class=\"product type-product post-811 status-publish last instock product_cat-madurada product_cat-res has-post-thumbnail shipping-taxable purchasable product-type-variable\">\n\t\t\t    <a id=\"sendbtn\" href=\"https:\/\/web.whatsapp.com\/send?phone=573004289071&text=Hola%21+estoy+interesado+en+el+siguiente+producto.%0D%0A%0D%0A*CARNE+MADURADA*%0A*PRECIO:*%2044,000&#36;%0D%0A%0D%0A\" title=\"Complete order on WhatsApp to buy CARNE MADURADA\" target=\"_blank\" class=\"button add_to_cart_button wa-shop-button product_type_variable\">\n\t\t    \tPEDIR POR WHATSAPP\t\t    <\/a>\n\t    <\/li>\n<li class=\"product type-product post-458 status-publish first instock product_cat-res has-post-thumbnail shipping-taxable purchasable product-type-variable\">\n\t\t\t    <a id=\"sendbtn\" href=\"https:\/\/web.whatsapp.com\/send?phone=573004289071&text=Hola%21+estoy+interesado+en+el+siguiente+producto.%0D%0A%0D%0A*CARNE+MOLIDA*%0A*PRECIO:*%207,000&#36;%0D%0A%0D%0A\" title=\"Complete order on WhatsApp to buy CARNE MOLIDA\" target=\"_blank\" class=\"button add_to_cart_button wa-shop-button product_type_variable\">\n\t\t    \tPEDIR POR WHATSAPP\t\t    <\/a>\n\t    <\/li>\n<li class=\"product type-product post-175 status-publish instock product_cat-res has-post-thumbnail shipping-taxable purchasable product-type-variable\">\n\t\t\t    <a id=\"sendbtn\" href=\"https:\/\/web.whatsapp.com\/send?phone=573004289071&text=Hola%21+estoy+interesado+en+el+siguiente+producto.%0D%0A%0D%0A*CARNE+PARA+HILACHAR*%0A*PRECIO:*%206,500&#36;%0D%0A%0D%0A\" title=\"Complete order on WhatsApp to buy CARNE PARA HILACHAR\" target=\"_blank\" class=\"button add_to_cart_button wa-shop-button product_type_variable\">\n\t\t    \tPEDIR POR WHATSAPP\t\t    <\/a>\n\t    <\/li>\n<li class=\"product type-product post-1081 status-publish instock product_cat-res has-post-thumbnail shipping-taxable purchasable product-type-variable\">\n\t\t\t    <a id=\"sendbtn\" href=\"https:\/\/web.whatsapp.com\/send?phone=573004289071&text=Hola%21+estoy+interesado+en+el+siguiente+producto.%0D%0A%0D%0A*CARNE+SALADA+CORRIENTE*%0A*PRECIO:*%206,000&#36;%0D%0A%0D%0A\" title=\"Complete order on WhatsApp to buy CARNE SALADA CORRIENTE\" target=\"_blank\" class=\"button add_to_cart_button wa-shop-button product_type_variable\">\n\t\t    \tPEDIR POR WHATSAPP\t\t    <\/a>\n\t    <\/li>\n<li class=\"product type-product post-754 status-publish last instock product_cat-res has-post-thumbnail shipping-taxable purchasable product-type-variable\">\n\t\t\t    <a id=\"sendbtn\" href=\"https:\/\/web.whatsapp.com\/send?phone=573004289071&text=Hola%21+estoy+interesado+en+el+siguiente+producto.%0D%0A%0D%0A*CARNE+SALADA+ESPECIAL*%0A*PRECIO:*%207,250&#36;%0D%0A%0D%0A\" title=\"Complete order on WhatsApp to buy CARNE SALADA ESPECIAL\" target=\"_blank\" class=\"button add_to_cart_button wa-shop-button product_type_variable\">\n\t\t    \tPEDIR POR WHATSAPP\t\t    <\/a>\n\t    <\/li>\n<li class=\"product type-product post-289 status-publish first instock product_cat-res has-post-thumbnail shipping-taxable purchasable product-type-variable\">\n\t\t\t    <a id=\"sendbtn\" href=\"https:\/\/web.whatsapp.com\/send?phone=573004289071&text=Hola%21+estoy+interesado+en+el+siguiente+producto.%0D%0A%0D%0A*CHOCOZUELA*%0A*PRECIO:*%2015,500&#36;%0D%0A%0D%0A\" title=\"Complete order on WhatsApp to buy CHOCOZUELA\" target=\"_blank\" class=\"button add_to_cart_button wa-shop-button product_type_variable\">\n\t\t    \tPEDIR POR WHATSAPP\t\t    <\/a>\n\t    <\/li>\n<li class=\"product type-product post-311 status-publish instock product_cat-res has-post-thumbnail shipping-taxable purchasable product-type-variable\">\n\t\t\t    <a id=\"sendbtn\" href=\"https:\/\/web.whatsapp.com\/send?phone=573004289071&text=Hola%21+estoy+interesado+en+el+siguiente+producto.%0D%0A%0D%0A*COSTILLA+DE+RES*%0A*PRECIO:*%204,750&#36;%0D%0A%0D%0A\" title=\"Complete order on WhatsApp to buy COSTILLA DE RES\" target=\"_blank\" class=\"button add_to_cart_button wa-shop-button product_type_variable\">\n\t\t    \tPEDIR POR WHATSAPP\t\t    <\/a>\n\t    <\/li>\n<li class=\"product type-product post-404 status-publish instock product_cat-res has-post-thumbnail shipping-taxable purchasable product-type-variable\">\n\t\t\t    <a id=\"sendbtn\" href=\"https:\/\/web.whatsapp.com\/send?phone=573004289071&text=Hola%21+estoy+interesado+en+el+siguiente+producto.%0D%0A%0D%0A*GOULASH+DE+RES*%0A*PRECIO:*%207,750&#36;%0D%0A%0D%0A\" title=\"Complete order on WhatsApp to buy GOULASH DE RES\" target=\"_blank\" class=\"button add_to_cart_button wa-shop-button product_type_variable\">\n\t\t    \tPEDIR POR WHATSAPP\t\t    <\/a>\n\t    <\/li>\n<li class=\"product type-product post-415 status-publish last instock product_cat-res has-post-thumbnail shipping-taxable purchasable product-type-variable\">\n\t\t\t    <a id=\"sendbtn\" href=\"https:\/\/web.whatsapp.com\/send?phone=573004289071&text=Hola%21+estoy+interesado+en+el+siguiente+producto.%0D%0A%0D%0A*HUESO+DE+PALETA*%0A*PRECIO:*%205,500&#36;%0D%0A%0D%0A\" title=\"Complete order on WhatsApp to buy HUESO DE PALETA\" target=\"_blank\" class=\"button add_to_cart_button wa-shop-button product_type_variable\">\n\t\t    \tPEDIR POR WHATSAPP\t\t    <\/a>\n\t    <\/li>\n<\/ul>\n<\/div>\t\t<\/div>\n\t\t\t\t<\/div>\n\t\t\t\t<div class=\"elementor-element elementor-element-0b00468 elementor-widget elementor-widget-spacer\" data-id=\"0b00468\" data-element_type=\"widget\" data-widget_type=\"spacer.default\">\n\t\t\t\t<div class=\"elementor-widget-container\">\n\t\t\t\t\t<div class=\"elementor-spacer\">\n\t\t\t<div class=\"elementor-spacer-inner\"><\/div>\n\t\t<\/div>\n\t\t\t\t<\/div>\n\t\t\t\t<\/div>\n\t\t\t\t<div class=\"elementor-element elementor-element-947e2af elementor-widget elementor-widget-heading\" data-id=\"947e2af\" data-element_type=\"widget\" data-widget_type=\"heading.default\">\n\t\t\t\t<div class=\"elementor-widget-container\">\n\t\t\t<h2 class=\"elementor-heading-title elementor-size-default\">V\u00cdSCERA<\/h2>\t\t<\/div>\n\t\t\t\t<\/div>\n\t\t\t\t<div class=\"elementor-element elementor-element-ce66679 elementor-products-columns-4 elementor-products-grid elementor-wc-products elementor-widget elementor-widget-woocommerce-products\" data-id=\"ce66679\" data-element_type=\"widget\" data-widget_type=\"woocommerce-products.default\">\n\t\t\t\t<div class=\"elementor-widget-container\">\n\t\t\t<div class=\"woocommerce columns-4 \"><ul class=\"products columns-4\">\n<li class=\"product type-product post-1049 status-publish first instock product_cat-res has-post-thumbnail shipping-taxable purchasable product-type-variable\">\n\t\t\t    <a id=\"sendbtn\" href=\"https:\/\/web.whatsapp.com\/send?phone=573004289071&text=Hola%21+estoy+interesado+en+el+siguiente+producto.%0D%0A%0D%0A*PAJARILLA*%0A*PRECIO:*%207,000&#36;%0D%0A%0D%0A\" title=\"Complete order on WhatsApp to buy PAJARILLA\" target=\"_blank\" class=\"button add_to_cart_button wa-shop-button product_type_variable\">\n\t\t    \tPEDIR POR WHATSAPP\t\t    <\/a>\n\t    <\/li>\n<li class=\"product type-product post-999 status-publish instock product_cat-res has-post-thumbnail shipping-taxable purchasable product-type-variable\">\n\t\t\t    <a id=\"sendbtn\" href=\"https:\/\/web.whatsapp.com\/send?phone=573004289071&text=Hola%21+estoy+interesado+en+el+siguiente+producto.%0D%0A%0D%0A*CORAZON*%0A*PRECIO:*%208,000&#36;%0D%0A%0D%0A\" title=\"Complete order on WhatsApp to buy CORAZON\" target=\"_blank\" class=\"button add_to_cart_button wa-shop-button product_type_variable\">\n\t\t    \tPEDIR POR WHATSAPP\t\t    <\/a>\n\t    <\/li>\n<li class=\"product type-product post-864 status-publish instock product_cat-res has-post-thumbnail shipping-taxable purchasable product-type-variable\">\n\t\t\t    <a id=\"sendbtn\" href=\"https:\/\/web.whatsapp.com\/send?phone=573004289071&text=Hola%21+estoy+interesado+en+el+siguiente+producto.%0D%0A%0D%0A*LENGUA+DE+RES*%0A*PRECIO:*%2020,000&#36;%0D%0A%0D%0A\" title=\"Complete order on WhatsApp to buy LENGUA DE RES\" target=\"_blank\" class=\"button add_to_cart_button wa-shop-button product_type_variable\">\n\t\t    \tPEDIR POR WHATSAPP\t\t    <\/a>\n\t    <\/li>\n<li class=\"product type-product post-734 status-publish last instock product_cat-res has-post-thumbnail shipping-taxable purchasable product-type-variable\">\n\t\t\t    <a id=\"sendbtn\" href=\"https:\/\/web.whatsapp.com\/send?phone=573004289071&text=Hola%21+estoy+interesado+en+el+siguiente+producto.%0D%0A%0D%0A*RI%C3%91ON*%0A*PRECIO:*%201,500&#36;%0D%0A%0D%0A\" title=\"Complete order on WhatsApp to buy RI\u00d1ON\" target=\"_blank\" class=\"button add_to_cart_button wa-shop-button product_type_variable\">\n\t\t    \tPEDIR POR WHATSAPP\t\t    <\/a>\n\t    <\/li>\n<li class=\"product type-product post-473 status-publish first instock product_cat-res has-post-thumbnail shipping-taxable purchasable product-type-variable\">\n\t\t\t    <a id=\"sendbtn\" href=\"https:\/\/web.whatsapp.com\/send?phone=573004289071&text=Hola%21+estoy+interesado+en+el+siguiente+producto.%0D%0A%0D%0A*MONDONGO*%0A*PRECIO:*%204,500&#36;%0D%0A%0D%0A\" title=\"Complete order on WhatsApp to buy MONDONGO\" target=\"_blank\" class=\"button add_to_cart_button wa-shop-button product_type_variable\">\n\t\t    \tPEDIR POR WHATSAPP\t\t    <\/a>\n\t    <\/li>\n<li class=\"product type-product post-407 status-publish instock product_cat-res has-post-thumbnail shipping-taxable purchasable product-type-variable\">\n\t\t\t    <a id=\"sendbtn\" href=\"https:\/\/web.whatsapp.com\/send?phone=573004289071&text=Hola%21+estoy+interesado+en+el+siguiente+producto.%0D%0A%0D%0A*H%C3%8DGADO*%0A*PRECIO:*%205,000&#36;%0D%0A%0D%0A\" title=\"Complete order on WhatsApp to buy H\u00cdGADO\" target=\"_blank\" class=\"button add_to_cart_button wa-shop-button product_type_variable\">\n\t\t    \tPEDIR POR WHATSAPP\t\t    <\/a>\n\t    <\/li>\n<li class=\"product type-product post-300 status-publish instock product_cat-res has-post-thumbnail shipping-taxable purchasable product-type-variable\">\n\t\t\t    <a id=\"sendbtn\" href=\"https:\/\/web.whatsapp.com\/send?phone=573004289071&text=Hola%21+estoy+interesado+en+el+siguiente+producto.%0D%0A%0D%0A*BOFE*%0A*PRECIO:*%204,000&#36;%0D%0A%0D%0A\" title=\"Complete order on WhatsApp to buy BOFE\" target=\"_blank\" class=\"button add_to_cart_button wa-shop-button product_type_variable\">\n\t\t    \tPEDIR POR WHATSAPP\t\t    <\/a>\n\t    <\/li>\n<\/ul>\n<\/div>\t\t<\/div>\n\t\t\t\t<\/div>\n\t\t\t\t\t<\/div>\n\t\t<\/div>\n\t\t\t\t\t\t\t<\/div>\n\t\t<\/section>\n\t\t\t\t\t\t<\/div>\n\t\t\t\t\t<\/div>\n\t\t","protected":false},"excerpt":{"rendered":"<p>RES V\u00cdSCERA<\/p>\n","protected":false},"author":1,"featured_media":0,"parent":0,"menu_order":0,"comment_status":"closed","ping_status":"closed","template":"page-templates\/template-pagebuilder-full-width.php","meta":{"spay_email":"","footnotes":""},"class_list":["post-89","page","type-page","status-publish","hentry"],"yoast_head":"<!-- This site is optimized with the Yoast SEO plugin v18.3 - https:\/\/yoast.com\/wordpress\/plugins\/seo\/ -->\n<title>RES - ecocarnescordoba.com.co<\/title>\n<meta name=\"robots\" content=\"index, follow, max-snippet:-1, max-image-preview:large, max-video-preview:-1\" \/>\n<link rel=\"canonical\" href=\"https:\/\/ecocarnescordoba.com.co\/index.php\/res\/\" \/>\n<meta property=\"og:locale\" content=\"es_ES\" \/>\n<meta property=\"og:type\" content=\"article\" \/>\n<meta property=\"og:title\" content=\"RES - ecocarnescordoba.com.co\" \/>\n<meta property=\"og:description\" content=\"RES V\u00cdSCERA\" \/>\n<meta property=\"og:url\" content=\"https:\/\/ecocarnescordoba.com.co\/index.php\/res\/\" \/>\n<meta property=\"og:site_name\" content=\"ecocarnescordoba.com.co\" \/>\n<meta property=\"article:modified_time\" content=\"2021-03-25T13:23:46+00:00\" \/>\n<meta name=\"twitter:card\" content=\"summary_large_image\" \/>\n<script type=\"application\/ld+json\" class=\"yoast-schema-graph\">{\"@context\":\"https:\/\/schema.org\",\"@graph\":[{\"@type\":\"WebSite\",\"@id\":\"https:\/\/ecocarnescordoba.com.co\/#website\",\"url\":\"https:\/\/ecocarnescordoba.com.co\/\",\"name\":\"ecocarnescordoba.com.co\",\"description\":\"carnicer\u00eda en monter\u00eda c\u00f3rdoba\",\"potentialAction\":[{\"@type\":\"SearchAction\",\"target\":{\"@type\":\"EntryPoint\",\"urlTemplate\":\"https:\/\/ecocarnescordoba.com.co\/?s={search_term_string}\"},\"query-input\":\"required name=search_term_string\"}],\"inLanguage\":\"es\"},{\"@type\":\"WebPage\",\"@id\":\"https:\/\/ecocarnescordoba.com.co\/index.php\/res\/#webpage\",\"url\":\"https:\/\/ecocarnescordoba.com.co\/index.php\/res\/\",\"name\":\"RES - ecocarnescordoba.com.co\",\"isPartOf\":{\"@id\":\"https:\/\/ecocarnescordoba.com.co\/#website\"},\"datePublished\":\"2021-03-02T14:02:45+00:00\",\"dateModified\":\"2021-03-25T13:23:46+00:00\",\"breadcrumb\":{\"@id\":\"https:\/\/ecocarnescordoba.com.co\/index.php\/res\/#breadcrumb\"},\"inLanguage\":\"es\",\"potentialAction\":[{\"@type\":\"ReadAction\",\"target\":[\"https:\/\/ecocarnescordoba.com.co\/index.php\/res\/\"]}]},{\"@type\":\"BreadcrumbList\",\"@id\":\"https:\/\/ecocarnescordoba.com.co\/index.php\/res\/#breadcrumb\",\"itemListElement\":[{\"@type\":\"ListItem\",\"position\":1,\"name\":\"Portada\",\"item\":\"https:\/\/ecocarnescordoba.com.co\/\"},{\"@type\":\"ListItem\",\"position\":2,\"name\":\"RES\"}]}]}<\/script>\n<!-- \/ Yoast SEO plugin. -->","yoast_head_json":{"title":"RES - ecocarnescordoba.com.co","robots":{"index":"index","follow":"follow","max-snippet":"max-snippet:-1","max-image-preview":"max-image-preview:large","max-video-preview":"max-video-preview:-1"},"canonical":"https:\/\/ecocarnescordoba.com.co\/index.php\/res\/","og_locale":"es_ES","og_type":"article","og_title":"RES - ecocarnescordoba.com.co","og_description":"RES V\u00cdSCERA","og_url":"https:\/\/ecocarnescordoba.com.co\/index.php\/res\/","og_site_name":"ecocarnescordoba.com.co","article_modified_time":"2021-03-25T13:23:46+00:00","twitter_card":"summary_large_image","schema":{"@context":"https:\/\/schema.org","@graph":[{"@type":"WebSite","@id":"https:\/\/ecocarnescordoba.com.co\/#website","url":"https:\/\/ecocarnescordoba.com.co\/","name":"ecocarnescordoba.com.co","description":"carnicer\u00eda en monter\u00eda c\u00f3rdoba","potentialAction":[{"@type":"SearchAction","target":{"@type":"EntryPoint","urlTemplate":"https:\/\/ecocarnescordoba.com.co\/?s={search_term_string}"},"query-input":"required name=search_term_string"}],"inLanguage":"es"},{"@type":"WebPage","@id":"https:\/\/ecocarnescordoba.com.co\/index.php\/res\/#webpage","url":"https:\/\/ecocarnescordoba.com.co\/index.php\/res\/","name":"RES - ecocarnescordoba.com.co","isPartOf":{"@id":"https:\/\/ecocarnescordoba.com.co\/#website"},"datePublished":"2021-03-02T14:02:45+00:00","dateModified":"2021-03-25T13:23:46+00:00","breadcrumb":{"@id":"https:\/\/ecocarnescordoba.com.co\/index.php\/res\/#breadcrumb"},"inLanguage":"es","potentialAction":[{"@type":"ReadAction","target":["https:\/\/ecocarnescordoba.com.co\/index.php\/res\/"]}]},{"@type":"BreadcrumbList","@id":"https:\/\/ecocarnescordoba.com.co\/index.php\/res\/#breadcrumb","itemListElement":[{"@type":"ListItem","position":1,"name":"Portada","item":"https:\/\/ecocarnescordoba.com.co\/"},{"@type":"ListItem","position":2,"name":"RES"}]}]}},"_links":{"self":[{"href":"https:\/\/ecocarnescordoba.com.co\/index.php\/wp-json\/wp\/v2\/pages\/89","targetHints":{"allow":["GET"]}}],"collection":[{"href":"https:\/\/ecocarnescordoba.com.co\/index.php\/wp-json\/wp\/v2\/pages"}],"about":[{"href":"https:\/\/ecocarnescordoba.com.co\/index.php\/wp-json\/wp\/v2\/types\/page"}],"author":[{"embeddable":true,"href":"https:\/\/ecocarnescordoba.com.co\/index.php\/wp-json\/wp\/v2\/users\/1"}],"replies":[{"embeddable":true,"href":"https:\/\/ecocarnescordoba.com.co\/index.php\/wp-json\/wp\/v2\/comments?post=89"}],"version-history":[{"count":46,"href":"https:\/\/ecocarnescordoba.com.co\/index.php\/wp-json\/wp\/v2\/pages\/89\/revisions"}],"predecessor-version":[{"id":1149,"href":"https:\/\/ecocarnescordoba.com.co\/index.php\/wp-json\/wp\/v2\/pages\/89\/revisions\/1149"}],"wp:attachment":[{"href":"https:\/\/ecocarnescordoba.com.co\/index.php\/wp-json\/wp\/v2\/media?parent=89"}],"curies":[{"name":"wp","href":"https:\/\/api.w.org\/{rel}","templated":true}]}}