{"id":92,"date":"2021-03-02T14:05:10","date_gmt":"2021-03-02T14:05:10","guid":{"rendered":"http:\/\/ecocarnescordoba.com.co\/?page_id=92"},"modified":"2022-12-15T22:58:37","modified_gmt":"2022-12-15T22:58:37","slug":"cerdo","status":"publish","type":"page","link":"https:\/\/ecocarnescordoba.com.co\/index.php\/cerdo\/","title":{"rendered":"CERDO"},"content":{"rendered":"\t\t<div data-elementor-type=\"wp-page\" data-elementor-id=\"92\" class=\"elementor elementor-92\" data-elementor-settings=\"[]\">\n\t\t\t\t\t\t\t<div class=\"elementor-section-wrap\">\n\t\t\t\t\t\t\t<section class=\"elementor-section elementor-top-section elementor-element elementor-element-54b6c73b elementor-section-content-middle elementor-section-boxed elementor-section-height-default elementor-section-height-default\" data-id=\"54b6c73b\" data-element_type=\"section\" data-settings=\"{&quot;background_background&quot;:&quot;classic&quot;}\">\n\t\t\t\t\t\t\t<div class=\"elementor-background-overlay\"><\/div>\n\t\t\t\t\t\t\t<div class=\"elementor-container elementor-column-gap-no\">\n\t\t\t\t\t<div class=\"elementor-column elementor-col-100 elementor-top-column elementor-element elementor-element-3edffd32\" data-id=\"3edffd32\" data-element_type=\"column\">\n\t\t\t<div class=\"elementor-widget-wrap elementor-element-populated\">\n\t\t\t\t\t\t\t\t<div class=\"elementor-element elementor-element-2d7fcc4c elementor-widget elementor-widget-heading\" data-id=\"2d7fcc4c\" data-element_type=\"widget\" data-widget_type=\"heading.default\">\n\t\t\t\t<div class=\"elementor-widget-container\">\n\t\t\t<h2 class=\"elementor-heading-title elementor-size-default\">CERDO<\/h2>\t\t<\/div>\n\t\t\t\t<\/div>\n\t\t\t\t\t<\/div>\n\t\t<\/div>\n\t\t\t\t\t\t\t<\/div>\n\t\t<\/section>\n\t\t\t\t<section class=\"elementor-section elementor-top-section elementor-element elementor-element-c41ea5b elementor-section-boxed elementor-section-height-default elementor-section-height-default\" data-id=\"c41ea5b\" data-element_type=\"section\">\n\t\t\t\t\t\t<div class=\"elementor-container elementor-column-gap-default\">\n\t\t\t\t\t<div class=\"elementor-column elementor-col-100 elementor-top-column elementor-element elementor-element-eb07993\" data-id=\"eb07993\" data-element_type=\"column\">\n\t\t\t<div class=\"elementor-widget-wrap elementor-element-populated\">\n\t\t\t\t\t\t\t\t<div class=\"elementor-element elementor-element-fc73879 elementor-widget elementor-widget-spacer\" data-id=\"fc73879\" data-element_type=\"widget\" data-widget_type=\"spacer.default\">\n\t\t\t\t<div class=\"elementor-widget-container\">\n\t\t\t\t\t<div class=\"elementor-spacer\">\n\t\t\t<div class=\"elementor-spacer-inner\"><\/div>\n\t\t<\/div>\n\t\t\t\t<\/div>\n\t\t\t\t<\/div>\n\t\t\t\t\t<\/div>\n\t\t<\/div>\n\t\t\t\t\t\t\t<\/div>\n\t\t<\/section>\n\t\t\t\t<section class=\"elementor-section elementor-top-section elementor-element elementor-element-6b91de2 elementor-section-boxed elementor-section-height-default elementor-section-height-default\" data-id=\"6b91de2\" data-element_type=\"section\">\n\t\t\t\t\t\t<div class=\"elementor-container elementor-column-gap-default\">\n\t\t\t\t\t<div class=\"elementor-column elementor-col-33 elementor-top-column elementor-element elementor-element-87750e6\" data-id=\"87750e6\" data-element_type=\"column\">\n\t\t\t<div class=\"elementor-widget-wrap elementor-element-populated\">\n\t\t\t\t\t\t\t\t<div class=\"elementor-element elementor-element-c1571e4 elementor-widget elementor-widget-sidebar\" data-id=\"c1571e4\" data-element_type=\"widget\" data-widget_type=\"sidebar.default\">\n\t\t\t\t<div class=\"elementor-widget-container\">\n\t\t\t\n\t\t<div id=\"recent-posts-4\" class=\"widget widget_recent_entries\">\n\t\t<h5>Recetas Recientes<\/h5>\n\t\t<ul>\n\t\t\t\t\t\t\t\t\t\t\t<li>\n\t\t\t\t\t<a href=\"https:\/\/ecocarnescordoba.com.co\/index.php\/2021\/03\/04\/hamburguesas\/\">Onion Burger<\/a>\n\t\t\t\t\t\t\t\t\t<\/li>\n\t\t\t\t\t<\/ul>\n\n\t\t<\/div><div id=\"woocommerce_widget_cart-5\" class=\"widget woocommerce widget_shopping_cart\"><h5>Carrito De Compras<\/h5><div class=\"widget_shopping_cart_content\"><\/div><\/div>\t\t<\/div>\n\t\t\t\t<\/div>\n\t\t\t\t\t<\/div>\n\t\t<\/div>\n\t\t\t\t<div class=\"elementor-column elementor-col-66 elementor-top-column elementor-element elementor-element-349fc9b\" data-id=\"349fc9b\" data-element_type=\"column\">\n\t\t\t<div class=\"elementor-widget-wrap elementor-element-populated\">\n\t\t\t\t\t\t\t\t<div class=\"elementor-element elementor-element-20145c1 elementor-products-columns-4 elementor-products-grid elementor-wc-products elementor-widget elementor-widget-woocommerce-products\" data-id=\"20145c1\" data-element_type=\"widget\" data-widget_type=\"woocommerce-products.default\">\n\t\t\t\t<div class=\"elementor-widget-container\">\n\t\t\t<div class=\"woocommerce columns-4 \"><ul class=\"products columns-4\">\n<li class=\"product type-product post-1159 status-publish first instock product_cat-cerdo product_cat-embutido has-post-thumbnail shipping-taxable purchasable product-type-variable\">\n\t\t\t    <a id=\"sendbtn\" href=\"https:\/\/web.whatsapp.com\/send?phone=573004289071&text=Hola%21+estoy+interesado+en+el+siguiente+producto.%0D%0A%0D%0A*CHORIZO+DE+CERDO+UNIDAD*%0A*PRECIO:*%20700&#36;%0D%0A%0D%0A\" title=\"Complete order on WhatsApp to buy CHORIZO DE CERDO UNIDAD\" target=\"_blank\" class=\"button add_to_cart_button wa-shop-button product_type_variable\">\n\t\t    \tPEDIR POR WHATSAPP\t\t    <\/a>\n\t    <\/li>\n<li class=\"product type-product post-996 status-publish instock product_cat-cerdo has-post-thumbnail shipping-taxable purchasable product-type-variable\">\n\t\t\t    <a id=\"sendbtn\" href=\"https:\/\/web.whatsapp.com\/send?phone=573004289071&text=Hola%21+estoy+interesado+en+el+siguiente+producto.%0D%0A%0D%0A*CHULETA+DE+CUELLO*%0A*PRECIO:*%2011,000&#36;%0D%0A%0D%0A\" title=\"Complete order on WhatsApp to buy CHULETA DE CUELLO\" target=\"_blank\" class=\"button add_to_cart_button wa-shop-button product_type_variable\">\n\t\t    \tPEDIR POR WHATSAPP\t\t    <\/a>\n\t    <\/li>\n<li class=\"product type-product post-800 status-publish instock product_cat-cerdo product_cat-embutido has-post-thumbnail shipping-taxable purchasable product-type-variable\">\n\t\t\t    <a id=\"sendbtn\" href=\"https:\/\/web.whatsapp.com\/send?phone=573004289071&text=Hola%21+estoy+interesado+en+el+siguiente+producto.%0D%0A%0D%0A*CHORIZO+DE+CERDO+PAQUETE*%0A*PRECIO:*%20500&#36;%0D%0A%0D%0A\" title=\"Complete order on WhatsApp to buy CHORIZO DE CERDO PAQUETE\" target=\"_blank\" class=\"button add_to_cart_button wa-shop-button product_type_variable\">\n\t\t    \tPEDIR POR WHATSAPP\t\t    <\/a>\n\t    <\/li>\n<li class=\"product type-product post-792 status-publish last instock product_cat-cerdo has-post-thumbnail shipping-taxable purchasable product-type-variable\">\n\t\t\t    <a id=\"sendbtn\" href=\"https:\/\/web.whatsapp.com\/send?phone=573004289071&text=Hola%21+estoy+interesado+en+el+siguiente+producto.%0D%0A%0D%0A*CHICHARRON+CARNUDO*%0A*PRECIO:*%206,250&#36;%0D%0A%0D%0A\" title=\"Complete order on WhatsApp to buy CHICHARRON CARNUDO\" target=\"_blank\" class=\"button add_to_cart_button wa-shop-button product_type_variable\">\n\t\t    \tPEDIR POR WHATSAPP\t\t    <\/a>\n\t    <\/li>\n<li class=\"product type-product post-746 status-publish first instock product_cat-cerdo has-post-thumbnail shipping-taxable purchasable product-type-variable\">\n\t\t\t    <a id=\"sendbtn\" href=\"https:\/\/web.whatsapp.com\/send?phone=573004289071&text=Hola%21+estoy+interesado+en+el+siguiente+producto.%0D%0A%0D%0A*TOCINO+GARRA*%0A*PRECIO:*%201,500&#36;%0D%0A%0D%0A\" title=\"Complete order on WhatsApp to buy TOCINO GARRA\" target=\"_blank\" class=\"button add_to_cart_button wa-shop-button product_type_variable\">\n\t\t    \tPEDIR POR WHATSAPP\t\t    <\/a>\n\t    <\/li>\n<li class=\"product type-product post-683 status-publish instock product_cat-cerdo has-post-thumbnail shipping-taxable purchasable product-type-variable\">\n\t\t\t    <a id=\"sendbtn\" href=\"https:\/\/web.whatsapp.com\/send?phone=573004289071&text=Hola%21+estoy+interesado+en+el+siguiente+producto.%0D%0A%0D%0A*OSSOBUCO+DE+CERDO*%0A*PRECIO:*%203,750&#36;%0D%0A%0D%0A\" title=\"Complete order on WhatsApp to buy OSSOBUCO DE CERDO\" target=\"_blank\" class=\"button add_to_cart_button wa-shop-button product_type_variable\">\n\t\t    \tPEDIR POR WHATSAPP\t\t    <\/a>\n\t    <\/li>\n<li class=\"product type-product post-411 status-publish instock product_cat-cerdo has-post-thumbnail shipping-taxable purchasable product-type-variable\">\n\t\t\t    <a id=\"sendbtn\" href=\"https:\/\/web.whatsapp.com\/send?phone=573004289071&text=Hola%21+estoy+interesado+en+el+siguiente+producto.%0D%0A%0D%0A*HUESO+DE+CERDO*%0A*PRECIO:*%202,000&#36;%0D%0A%0D%0A\" title=\"Complete order on WhatsApp to buy HUESO DE CERDO\" target=\"_blank\" class=\"button add_to_cart_button wa-shop-button product_type_variable\">\n\t\t    \tPEDIR POR WHATSAPP\t\t    <\/a>\n\t    <\/li>\n<li class=\"product type-product post-325 status-publish last instock product_cat-cerdo has-post-thumbnail shipping-taxable purchasable product-type-variable\">\n\t\t\t    <a id=\"sendbtn\" href=\"https:\/\/web.whatsapp.com\/send?phone=573004289071&text=Hola%21+estoy+interesado+en+el+siguiente+producto.%0D%0A%0D%0A*CODILLO*%0A*PRECIO:*%202,000&#36;%0D%0A%0D%0A\" title=\"Complete order on WhatsApp to buy CODILLO\" target=\"_blank\" class=\"button add_to_cart_button wa-shop-button product_type_variable\">\n\t\t    \tPEDIR POR WHATSAPP\t\t    <\/a>\n\t    <\/li>\n<li class=\"product type-product post-321 status-publish first instock product_cat-cerdo has-post-thumbnail shipping-taxable purchasable product-type-variable\">\n\t\t\t    <a id=\"sendbtn\" href=\"https:\/\/web.whatsapp.com\/send?phone=573004289071&text=Hola%21+estoy+interesado+en+el+siguiente+producto.%0D%0A%0D%0A*CHULETA+DE+LOMO*%0A*PRECIO:*%205,750&#36;%0D%0A%0D%0A\" title=\"Complete order on WhatsApp to buy CHULETA DE LOMO\" target=\"_blank\" class=\"button add_to_cart_button wa-shop-button product_type_variable\">\n\t\t    \tPEDIR POR WHATSAPP\t\t    <\/a>\n\t    <\/li>\n<li class=\"product type-product post-316 status-publish instock product_cat-cerdo has-post-thumbnail shipping-taxable purchasable product-type-variable\">\n\t\t\t    <a id=\"sendbtn\" href=\"https:\/\/web.whatsapp.com\/send?phone=573004289071&text=Hola%21+estoy+interesado+en+el+siguiente+producto.%0D%0A%0D%0A*CHULETA+DE+BRAZO*%0A*PRECIO:*%2022,000&#36;%0D%0A%0D%0A\" title=\"Complete order on WhatsApp to buy CHULETA DE BRAZO\" target=\"_blank\" class=\"button add_to_cart_button wa-shop-button product_type_variable\">\n\t\t    \tPEDIR POR WHATSAPP\t\t    <\/a>\n\t    <\/li>\n<li class=\"product type-product post-306 status-publish instock product_cat-cerdo has-post-thumbnail shipping-taxable purchasable product-type-variable\">\n\t\t\t    <a id=\"sendbtn\" href=\"https:\/\/web.whatsapp.com\/send?phone=573004289071&text=Hola%21+estoy+interesado+en+el+siguiente+producto.%0D%0A%0D%0A*COSTILLA+DE+CERDO*%0A*PRECIO:*%206,250&#36;%0D%0A%0D%0A\" title=\"Complete order on WhatsApp to buy COSTILLA DE CERDO\" target=\"_blank\" class=\"button add_to_cart_button wa-shop-button product_type_variable\">\n\t\t    \tPEDIR POR WHATSAPP\t\t    <\/a>\n\t    <\/li>\n<li class=\"product type-product post-207 status-publish last instock product_cat-cerdo has-post-thumbnail shipping-taxable purchasable product-type-variable\">\n\t\t\t    <a id=\"sendbtn\" href=\"https:\/\/web.whatsapp.com\/send?phone=573004289071&text=Hola%21+estoy+interesado+en+el+siguiente+producto.%0D%0A%0D%0A*CERDO+MAGRO*%0A*PRECIO:*%204,250&#36;%0D%0A%0D%0A\" title=\"Complete order on WhatsApp to buy CERDO MAGRO\" target=\"_blank\" class=\"button add_to_cart_button wa-shop-button product_type_variable\">\n\t\t    \tPEDIR POR WHATSAPP\t\t    <\/a>\n\t    <\/li>\n<\/ul>\n<\/div>\t\t<\/div>\n\t\t\t\t<\/div>\n\t\t\t\t\t<\/div>\n\t\t<\/div>\n\t\t\t\t\t\t\t<\/div>\n\t\t<\/section>\n\t\t\t\t\t\t<\/div>\n\t\t\t\t\t<\/div>\n\t\t","protected":false},"excerpt":{"rendered":"<p>CERDO<\/p>\n","protected":false},"author":1,"featured_media":0,"parent":0,"menu_order":0,"comment_status":"closed","ping_status":"closed","template":"elementor_header_footer","meta":{"spay_email":"","footnotes":""},"class_list":["post-92","page","type-page","status-publish","hentry"],"yoast_head":"<!-- This site is optimized with the Yoast SEO plugin v18.3 - https:\/\/yoast.com\/wordpress\/plugins\/seo\/ -->\n<title>CERDO - ecocarnescordoba.com.co<\/title>\n<meta name=\"robots\" content=\"index, follow, max-snippet:-1, max-image-preview:large, max-video-preview:-1\" \/>\n<link rel=\"canonical\" href=\"https:\/\/ecocarnescordoba.com.co\/index.php\/cerdo\/\" \/>\n<meta property=\"og:locale\" content=\"es_ES\" \/>\n<meta property=\"og:type\" content=\"article\" \/>\n<meta property=\"og:title\" content=\"CERDO - ecocarnescordoba.com.co\" \/>\n<meta property=\"og:description\" content=\"CERDO\" \/>\n<meta property=\"og:url\" content=\"https:\/\/ecocarnescordoba.com.co\/index.php\/cerdo\/\" \/>\n<meta property=\"og:site_name\" content=\"ecocarnescordoba.com.co\" \/>\n<meta property=\"article:modified_time\" content=\"2022-12-15T22:58:37+00:00\" \/>\n<meta name=\"twitter:card\" content=\"summary_large_image\" \/>\n<meta name=\"twitter:label1\" content=\"Tiempo de lectura\" \/>\n\t<meta name=\"twitter:data1\" content=\"3 minutos\" \/>\n<script type=\"application\/ld+json\" class=\"yoast-schema-graph\">{\"@context\":\"https:\/\/schema.org\",\"@graph\":[{\"@type\":\"WebSite\",\"@id\":\"https:\/\/ecocarnescordoba.com.co\/#website\",\"url\":\"https:\/\/ecocarnescordoba.com.co\/\",\"name\":\"ecocarnescordoba.com.co\",\"description\":\"carnicer\u00eda en monter\u00eda c\u00f3rdoba\",\"potentialAction\":[{\"@type\":\"SearchAction\",\"target\":{\"@type\":\"EntryPoint\",\"urlTemplate\":\"https:\/\/ecocarnescordoba.com.co\/?s={search_term_string}\"},\"query-input\":\"required name=search_term_string\"}],\"inLanguage\":\"es\"},{\"@type\":\"WebPage\",\"@id\":\"https:\/\/ecocarnescordoba.com.co\/index.php\/cerdo\/#webpage\",\"url\":\"https:\/\/ecocarnescordoba.com.co\/index.php\/cerdo\/\",\"name\":\"CERDO - ecocarnescordoba.com.co\",\"isPartOf\":{\"@id\":\"https:\/\/ecocarnescordoba.com.co\/#website\"},\"datePublished\":\"2021-03-02T14:05:10+00:00\",\"dateModified\":\"2022-12-15T22:58:37+00:00\",\"breadcrumb\":{\"@id\":\"https:\/\/ecocarnescordoba.com.co\/index.php\/cerdo\/#breadcrumb\"},\"inLanguage\":\"es\",\"potentialAction\":[{\"@type\":\"ReadAction\",\"target\":[\"https:\/\/ecocarnescordoba.com.co\/index.php\/cerdo\/\"]}]},{\"@type\":\"BreadcrumbList\",\"@id\":\"https:\/\/ecocarnescordoba.com.co\/index.php\/cerdo\/#breadcrumb\",\"itemListElement\":[{\"@type\":\"ListItem\",\"position\":1,\"name\":\"Portada\",\"item\":\"https:\/\/ecocarnescordoba.com.co\/\"},{\"@type\":\"ListItem\",\"position\":2,\"name\":\"CERDO\"}]}]}<\/script>\n<!-- \/ Yoast SEO plugin. -->","yoast_head_json":{"title":"CERDO - ecocarnescordoba.com.co","robots":{"index":"index","follow":"follow","max-snippet":"max-snippet:-1","max-image-preview":"max-image-preview:large","max-video-preview":"max-video-preview:-1"},"canonical":"https:\/\/ecocarnescordoba.com.co\/index.php\/cerdo\/","og_locale":"es_ES","og_type":"article","og_title":"CERDO - ecocarnescordoba.com.co","og_description":"CERDO","og_url":"https:\/\/ecocarnescordoba.com.co\/index.php\/cerdo\/","og_site_name":"ecocarnescordoba.com.co","article_modified_time":"2022-12-15T22:58:37+00:00","twitter_card":"summary_large_image","twitter_misc":{"Tiempo de lectura":"3 minutos"},"schema":{"@context":"https:\/\/schema.org","@graph":[{"@type":"WebSite","@id":"https:\/\/ecocarnescordoba.com.co\/#website","url":"https:\/\/ecocarnescordoba.com.co\/","name":"ecocarnescordoba.com.co","description":"carnicer\u00eda en monter\u00eda c\u00f3rdoba","potentialAction":[{"@type":"SearchAction","target":{"@type":"EntryPoint","urlTemplate":"https:\/\/ecocarnescordoba.com.co\/?s={search_term_string}"},"query-input":"required name=search_term_string"}],"inLanguage":"es"},{"@type":"WebPage","@id":"https:\/\/ecocarnescordoba.com.co\/index.php\/cerdo\/#webpage","url":"https:\/\/ecocarnescordoba.com.co\/index.php\/cerdo\/","name":"CERDO - ecocarnescordoba.com.co","isPartOf":{"@id":"https:\/\/ecocarnescordoba.com.co\/#website"},"datePublished":"2021-03-02T14:05:10+00:00","dateModified":"2022-12-15T22:58:37+00:00","breadcrumb":{"@id":"https:\/\/ecocarnescordoba.com.co\/index.php\/cerdo\/#breadcrumb"},"inLanguage":"es","potentialAction":[{"@type":"ReadAction","target":["https:\/\/ecocarnescordoba.com.co\/index.php\/cerdo\/"]}]},{"@type":"BreadcrumbList","@id":"https:\/\/ecocarnescordoba.com.co\/index.php\/cerdo\/#breadcrumb","itemListElement":[{"@type":"ListItem","position":1,"name":"Portada","item":"https:\/\/ecocarnescordoba.com.co\/"},{"@type":"ListItem","position":2,"name":"CERDO"}]}]}},"_links":{"self":[{"href":"https:\/\/ecocarnescordoba.com.co\/index.php\/wp-json\/wp\/v2\/pages\/92","targetHints":{"allow":["GET"]}}],"collection":[{"href":"https:\/\/ecocarnescordoba.com.co\/index.php\/wp-json\/wp\/v2\/pages"}],"about":[{"href":"https:\/\/ecocarnescordoba.com.co\/index.php\/wp-json\/wp\/v2\/types\/page"}],"author":[{"embeddable":true,"href":"https:\/\/ecocarnescordoba.com.co\/index.php\/wp-json\/wp\/v2\/users\/1"}],"replies":[{"embeddable":true,"href":"https:\/\/ecocarnescordoba.com.co\/index.php\/wp-json\/wp\/v2\/comments?post=92"}],"version-history":[{"count":10,"href":"https:\/\/ecocarnescordoba.com.co\/index.php\/wp-json\/wp\/v2\/pages\/92\/revisions"}],"predecessor-version":[{"id":1250,"href":"https:\/\/ecocarnescordoba.com.co\/index.php\/wp-json\/wp\/v2\/pages\/92\/revisions\/1250"}],"wp:attachment":[{"href":"https:\/\/ecocarnescordoba.com.co\/index.php\/wp-json\/wp\/v2\/media?parent=92"}],"curies":[{"name":"wp","href":"https:\/\/api.w.org\/{rel}","templated":true}]}}