{"id":98,"date":"2021-03-02T14:08:36","date_gmt":"2021-03-02T14:08:36","guid":{"rendered":"http:\/\/ecocarnescordoba.com.co\/?page_id=98"},"modified":"2021-03-18T16:00:04","modified_gmt":"2021-03-18T16:00:04","slug":"pescado","status":"publish","type":"page","link":"https:\/\/ecocarnescordoba.com.co\/index.php\/pescado\/","title":{"rendered":"PESCADO"},"content":{"rendered":"\t\t<div data-elementor-type=\"wp-page\" data-elementor-id=\"98\" class=\"elementor elementor-98\" data-elementor-settings=\"[]\">\n\t\t\t\t\t\t\t<div class=\"elementor-section-wrap\">\n\t\t\t\t\t\t\t<section class=\"elementor-section elementor-top-section elementor-element elementor-element-59bee4cb elementor-section-content-middle elementor-section-boxed elementor-section-height-default elementor-section-height-default\" data-id=\"59bee4cb\" data-element_type=\"section\" data-settings=\"{&quot;background_background&quot;:&quot;classic&quot;}\">\n\t\t\t\t\t\t\t<div class=\"elementor-background-overlay\"><\/div>\n\t\t\t\t\t\t\t<div class=\"elementor-container elementor-column-gap-no\">\n\t\t\t\t\t<div class=\"elementor-column elementor-col-100 elementor-top-column elementor-element elementor-element-1f66035e\" data-id=\"1f66035e\" data-element_type=\"column\">\n\t\t\t<div class=\"elementor-widget-wrap elementor-element-populated\">\n\t\t\t\t\t\t\t\t<div class=\"elementor-element elementor-element-4e9dc74f elementor-widget elementor-widget-heading\" data-id=\"4e9dc74f\" data-element_type=\"widget\" data-widget_type=\"heading.default\">\n\t\t\t\t<div class=\"elementor-widget-container\">\n\t\t\t<h4 class=\"elementor-heading-title elementor-size-default\">PESCADO<\/h4>\t\t<\/div>\n\t\t\t\t<\/div>\n\t\t\t\t\t<\/div>\n\t\t<\/div>\n\t\t\t\t\t\t\t<\/div>\n\t\t<\/section>\n\t\t\t\t<section class=\"elementor-section elementor-top-section elementor-element elementor-element-4ce382f elementor-section-boxed elementor-section-height-default elementor-section-height-default\" data-id=\"4ce382f\" data-element_type=\"section\">\n\t\t\t\t\t\t<div class=\"elementor-container elementor-column-gap-default\">\n\t\t\t\t\t<div class=\"elementor-column elementor-col-100 elementor-top-column elementor-element elementor-element-1f26ce1\" data-id=\"1f26ce1\" data-element_type=\"column\">\n\t\t\t<div class=\"elementor-widget-wrap elementor-element-populated\">\n\t\t\t\t\t\t\t\t<div class=\"elementor-element elementor-element-689d805 elementor-widget elementor-widget-spacer\" data-id=\"689d805\" data-element_type=\"widget\" data-widget_type=\"spacer.default\">\n\t\t\t\t<div class=\"elementor-widget-container\">\n\t\t\t\t\t<div class=\"elementor-spacer\">\n\t\t\t<div class=\"elementor-spacer-inner\"><\/div>\n\t\t<\/div>\n\t\t\t\t<\/div>\n\t\t\t\t<\/div>\n\t\t\t\t\t<\/div>\n\t\t<\/div>\n\t\t\t\t\t\t\t<\/div>\n\t\t<\/section>\n\t\t\t\t<section class=\"elementor-section elementor-top-section elementor-element elementor-element-1d28ade elementor-section-boxed elementor-section-height-default elementor-section-height-default\" data-id=\"1d28ade\" data-element_type=\"section\">\n\t\t\t\t\t\t<div class=\"elementor-container elementor-column-gap-default\">\n\t\t\t\t\t<div class=\"elementor-column elementor-col-33 elementor-top-column elementor-element elementor-element-8d067b9\" data-id=\"8d067b9\" data-element_type=\"column\">\n\t\t\t<div class=\"elementor-widget-wrap elementor-element-populated\">\n\t\t\t\t\t\t\t\t<div class=\"elementor-element elementor-element-1b0117e elementor-widget elementor-widget-sidebar\" data-id=\"1b0117e\" data-element_type=\"widget\" data-widget_type=\"sidebar.default\">\n\t\t\t\t<div class=\"elementor-widget-container\">\n\t\t\t\n\t\t<div id=\"recent-posts-4\" class=\"widget widget_recent_entries\">\n\t\t<h5>Recetas Recientes<\/h5>\n\t\t<ul>\n\t\t\t\t\t\t\t\t\t\t\t<li>\n\t\t\t\t\t<a href=\"https:\/\/ecocarnescordoba.com.co\/index.php\/2021\/03\/04\/hamburguesas\/\">Onion Burger<\/a>\n\t\t\t\t\t\t\t\t\t<\/li>\n\t\t\t\t\t<\/ul>\n\n\t\t<\/div><div id=\"woocommerce_widget_cart-5\" class=\"widget woocommerce widget_shopping_cart\"><h5>Carrito De Compras<\/h5><div class=\"widget_shopping_cart_content\"><\/div><\/div>\t\t<\/div>\n\t\t\t\t<\/div>\n\t\t\t\t\t<\/div>\n\t\t<\/div>\n\t\t\t\t<div class=\"elementor-column elementor-col-66 elementor-top-column elementor-element elementor-element-61acefe\" data-id=\"61acefe\" data-element_type=\"column\">\n\t\t\t<div class=\"elementor-widget-wrap elementor-element-populated\">\n\t\t\t\t\t\t\t\t<div class=\"elementor-element elementor-element-f9f8341 elementor-products-columns-4 elementor-products-grid elementor-wc-products elementor-show-pagination-border-yes elementor-widget elementor-widget-woocommerce-products\" data-id=\"f9f8341\" data-element_type=\"widget\" data-widget_type=\"woocommerce-products.default\">\n\t\t\t\t<div class=\"elementor-widget-container\">\n\t\t\t<div class=\"woocommerce columns-4 \"><ul class=\"products columns-4\">\n<li class=\"product type-product post-697 status-publish first instock product_cat-pescado has-post-thumbnail shipping-taxable purchasable product-type-variable\">\n\t\t\t    <a id=\"sendbtn\" href=\"https:\/\/web.whatsapp.com\/send?phone=573004289071&text=Hola%21+estoy+interesado+en+el+siguiente+producto.%0D%0A%0D%0A*TILAPIA+ROJA*%0A*PRECIO:*%2019,000&#36;%0D%0A%0D%0A\" title=\"Complete order on WhatsApp to buy TILAPIA ROJA\" target=\"_blank\" class=\"button add_to_cart_button wa-shop-button product_type_variable\">\n\t\t    \tPEDIR POR WHATSAPP\t\t    <\/a>\n\t    <\/li>\n<li class=\"product type-product post-398 status-publish instock product_cat-pescado has-post-thumbnail shipping-taxable purchasable product-type-variable\">\n\t\t\t    <a id=\"sendbtn\" href=\"https:\/\/web.whatsapp.com\/send?phone=573004289071&text=Hola%21+estoy+interesado+en+el+siguiente+producto.%0D%0A%0D%0A*FILETE+DE+TILAPIA*%0A*PRECIO:*%2014,500&#36;%0D%0A%0D%0A\" title=\"Complete order on WhatsApp to buy FILETE DE TILAPIA\" target=\"_blank\" class=\"button add_to_cart_button wa-shop-button product_type_variable\">\n\t\t    \tPEDIR POR WHATSAPP\t\t    <\/a>\n\t    <\/li>\n<li class=\"product type-product post-139 status-publish instock product_cat-pescado has-post-thumbnail shipping-taxable purchasable product-type-variable\">\n\t\t\t    <a id=\"sendbtn\" href=\"https:\/\/web.whatsapp.com\/send?phone=573004289071&text=Hola%21+estoy+interesado+en+el+siguiente+producto.%0D%0A%0D%0A*CACHAMA*%0A*PRECIO:*%2014,000&#36;%0D%0A%0D%0A\" title=\"Complete order on WhatsApp to buy CACHAMA\" target=\"_blank\" class=\"button add_to_cart_button wa-shop-button product_type_variable\">\n\t\t    \tPEDIR POR WHATSAPP\t\t    <\/a>\n\t    <\/li>\n<\/ul>\n<\/div>\t\t<\/div>\n\t\t\t\t<\/div>\n\t\t\t\t\t<\/div>\n\t\t<\/div>\n\t\t\t\t\t\t\t<\/div>\n\t\t<\/section>\n\t\t\t\t<section class=\"elementor-section elementor-top-section elementor-element elementor-element-4b95f80 elementor-section-boxed elementor-section-height-default elementor-section-height-default\" data-id=\"4b95f80\" data-element_type=\"section\">\n\t\t\t\t\t\t<div class=\"elementor-container elementor-column-gap-default\">\n\t\t\t\t\t<div class=\"elementor-column elementor-col-100 elementor-top-column elementor-element elementor-element-3e0608e\" data-id=\"3e0608e\" data-element_type=\"column\">\n\t\t\t<div class=\"elementor-widget-wrap elementor-element-populated\">\n\t\t\t\t\t\t\t\t\t<\/div>\n\t\t<\/div>\n\t\t\t\t\t\t\t<\/div>\n\t\t<\/section>\n\t\t\t\t\t\t<\/div>\n\t\t\t\t\t<\/div>\n\t\t","protected":false},"excerpt":{"rendered":"<p>PESCADO<\/p>\n","protected":false},"author":1,"featured_media":0,"parent":0,"menu_order":0,"comment_status":"closed","ping_status":"closed","template":"elementor_header_footer","meta":{"spay_email":"","footnotes":""},"class_list":["post-98","page","type-page","status-publish","hentry"],"yoast_head":"<!-- This site is optimized with the Yoast SEO plugin v18.3 - https:\/\/yoast.com\/wordpress\/plugins\/seo\/ -->\n<title>PESCADO - ecocarnescordoba.com.co<\/title>\n<meta name=\"robots\" content=\"index, follow, max-snippet:-1, max-image-preview:large, max-video-preview:-1\" \/>\n<link rel=\"canonical\" href=\"https:\/\/ecocarnescordoba.com.co\/index.php\/pescado\/\" \/>\n<meta property=\"og:locale\" content=\"es_ES\" \/>\n<meta property=\"og:type\" content=\"article\" \/>\n<meta property=\"og:title\" content=\"PESCADO - ecocarnescordoba.com.co\" \/>\n<meta property=\"og:description\" content=\"PESCADO\" \/>\n<meta property=\"og:url\" content=\"https:\/\/ecocarnescordoba.com.co\/index.php\/pescado\/\" \/>\n<meta property=\"og:site_name\" content=\"ecocarnescordoba.com.co\" \/>\n<meta property=\"article:modified_time\" content=\"2021-03-18T16:00:04+00:00\" \/>\n<meta name=\"twitter:card\" content=\"summary_large_image\" \/>\n<script type=\"application\/ld+json\" class=\"yoast-schema-graph\">{\"@context\":\"https:\/\/schema.org\",\"@graph\":[{\"@type\":\"WebSite\",\"@id\":\"https:\/\/ecocarnescordoba.com.co\/#website\",\"url\":\"https:\/\/ecocarnescordoba.com.co\/\",\"name\":\"ecocarnescordoba.com.co\",\"description\":\"carnicer\u00eda en monter\u00eda c\u00f3rdoba\",\"potentialAction\":[{\"@type\":\"SearchAction\",\"target\":{\"@type\":\"EntryPoint\",\"urlTemplate\":\"https:\/\/ecocarnescordoba.com.co\/?s={search_term_string}\"},\"query-input\":\"required name=search_term_string\"}],\"inLanguage\":\"es\"},{\"@type\":\"WebPage\",\"@id\":\"https:\/\/ecocarnescordoba.com.co\/index.php\/pescado\/#webpage\",\"url\":\"https:\/\/ecocarnescordoba.com.co\/index.php\/pescado\/\",\"name\":\"PESCADO - ecocarnescordoba.com.co\",\"isPartOf\":{\"@id\":\"https:\/\/ecocarnescordoba.com.co\/#website\"},\"datePublished\":\"2021-03-02T14:08:36+00:00\",\"dateModified\":\"2021-03-18T16:00:04+00:00\",\"breadcrumb\":{\"@id\":\"https:\/\/ecocarnescordoba.com.co\/index.php\/pescado\/#breadcrumb\"},\"inLanguage\":\"es\",\"potentialAction\":[{\"@type\":\"ReadAction\",\"target\":[\"https:\/\/ecocarnescordoba.com.co\/index.php\/pescado\/\"]}]},{\"@type\":\"BreadcrumbList\",\"@id\":\"https:\/\/ecocarnescordoba.com.co\/index.php\/pescado\/#breadcrumb\",\"itemListElement\":[{\"@type\":\"ListItem\",\"position\":1,\"name\":\"Portada\",\"item\":\"https:\/\/ecocarnescordoba.com.co\/\"},{\"@type\":\"ListItem\",\"position\":2,\"name\":\"PESCADO\"}]}]}<\/script>\n<!-- \/ Yoast SEO plugin. -->","yoast_head_json":{"title":"PESCADO - ecocarnescordoba.com.co","robots":{"index":"index","follow":"follow","max-snippet":"max-snippet:-1","max-image-preview":"max-image-preview:large","max-video-preview":"max-video-preview:-1"},"canonical":"https:\/\/ecocarnescordoba.com.co\/index.php\/pescado\/","og_locale":"es_ES","og_type":"article","og_title":"PESCADO - ecocarnescordoba.com.co","og_description":"PESCADO","og_url":"https:\/\/ecocarnescordoba.com.co\/index.php\/pescado\/","og_site_name":"ecocarnescordoba.com.co","article_modified_time":"2021-03-18T16:00:04+00:00","twitter_card":"summary_large_image","schema":{"@context":"https:\/\/schema.org","@graph":[{"@type":"WebSite","@id":"https:\/\/ecocarnescordoba.com.co\/#website","url":"https:\/\/ecocarnescordoba.com.co\/","name":"ecocarnescordoba.com.co","description":"carnicer\u00eda en monter\u00eda c\u00f3rdoba","potentialAction":[{"@type":"SearchAction","target":{"@type":"EntryPoint","urlTemplate":"https:\/\/ecocarnescordoba.com.co\/?s={search_term_string}"},"query-input":"required name=search_term_string"}],"inLanguage":"es"},{"@type":"WebPage","@id":"https:\/\/ecocarnescordoba.com.co\/index.php\/pescado\/#webpage","url":"https:\/\/ecocarnescordoba.com.co\/index.php\/pescado\/","name":"PESCADO - ecocarnescordoba.com.co","isPartOf":{"@id":"https:\/\/ecocarnescordoba.com.co\/#website"},"datePublished":"2021-03-02T14:08:36+00:00","dateModified":"2021-03-18T16:00:04+00:00","breadcrumb":{"@id":"https:\/\/ecocarnescordoba.com.co\/index.php\/pescado\/#breadcrumb"},"inLanguage":"es","potentialAction":[{"@type":"ReadAction","target":["https:\/\/ecocarnescordoba.com.co\/index.php\/pescado\/"]}]},{"@type":"BreadcrumbList","@id":"https:\/\/ecocarnescordoba.com.co\/index.php\/pescado\/#breadcrumb","itemListElement":[{"@type":"ListItem","position":1,"name":"Portada","item":"https:\/\/ecocarnescordoba.com.co\/"},{"@type":"ListItem","position":2,"name":"PESCADO"}]}]}},"_links":{"self":[{"href":"https:\/\/ecocarnescordoba.com.co\/index.php\/wp-json\/wp\/v2\/pages\/98","targetHints":{"allow":["GET"]}}],"collection":[{"href":"https:\/\/ecocarnescordoba.com.co\/index.php\/wp-json\/wp\/v2\/pages"}],"about":[{"href":"https:\/\/ecocarnescordoba.com.co\/index.php\/wp-json\/wp\/v2\/types\/page"}],"author":[{"embeddable":true,"href":"https:\/\/ecocarnescordoba.com.co\/index.php\/wp-json\/wp\/v2\/users\/1"}],"replies":[{"embeddable":true,"href":"https:\/\/ecocarnescordoba.com.co\/index.php\/wp-json\/wp\/v2\/comments?post=98"}],"version-history":[{"count":19,"href":"https:\/\/ecocarnescordoba.com.co\/index.php\/wp-json\/wp\/v2\/pages\/98\/revisions"}],"predecessor-version":[{"id":1037,"href":"https:\/\/ecocarnescordoba.com.co\/index.php\/wp-json\/wp\/v2\/pages\/98\/revisions\/1037"}],"wp:attachment":[{"href":"https:\/\/ecocarnescordoba.com.co\/index.php\/wp-json\/wp\/v2\/media?parent=98"}],"curies":[{"name":"wp","href":"https:\/\/api.w.org\/{rel}","templated":true}]}}